{"id":8065,"date":"2020-08-05T13:40:12","date_gmt":"2020-08-05T11:40:12","guid":{"rendered":"https:\/\/staging.soyaustria.com\/sustainability\/"},"modified":"2021-03-24T18:15:16","modified_gmt":"2021-03-24T17:15:16","slug":"nachhaltigkeit","status":"publish","type":"page","link":"https:\/\/soyaustria.com\/de\/nachhaltigkeit\/","title":{"rendered":"NACHHALTIGKEIT"},"content":{"rendered":"<p>[et_pb_section fb_built=&#8220;1&#8243; fullwidth=&#8220;on&#8220; disabled_on=&#8220;on|on|on&#8220; _builder_version=&#8220;4.5.3&#8243; _module_preset=&#8220;default&#8220; bottom_divider_style=&#8220;curve&#8220; bottom_divider_color=&#8220;#94C01B&#8220; bottom_divider_height=&#8220;30px&#8220; disabled=&#8220;on&#8220;][et_pb_fullwidth_header button_one_text=&#8220;Contact us&#8220; logo_image_url=&#8220;https:\/\/soyaustria.com\/wp-content\/uploads\/2021\/02\/SOY_Austria_Logo_neg.png&#8220; _builder_version=&#8220;4.9.0&#8243; _module_preset=&#8220;default&#8220; title_font=&#8220;|700|||||||&#8220; title_font_size=&#8220;38px&#8220; background_enable_color=&#8220;off&#8220; use_background_color_gradient=&#8220;on&#8220; background_color_gradient_start=&#8220;rgba(0,0,0,0)&#8220; background_color_gradient_end=&#8220;rgba(0,0,0,0.52)&#8220; background_color_gradient_overlays_image=&#8220;on&#8220; background_image=&#8220;https:\/\/soyaustria.com\/wp-content\/uploads\/2021\/02\/Sustainability.jpg&#8220; min_height=&#8220;400px&#8220; height=&#8220;400px&#8220; max_height=&#8220;400px&#8220; custom_padding=&#8220;140px|||180px|false|false&#8220; border_color_bottom=&#8220;#7cda24&#8243;][\/et_pb_fullwidth_header][\/et_pb_section][et_pb_section fb_built=&#8220;1&#8243; custom_padding_last_edited=&#8220;on|tablet&#8220; _builder_version=&#8220;4.9.0&#8243; _module_preset=&#8220;default&#8220; background_image=&#8220;https:\/\/soyaustria.com\/wp-content\/uploads\/2021\/02\/Sustainability-e1614250276715.jpg&#8220; min_height=&#8220;400px&#8220; height=&#8220;400px&#8220; max_height=&#8220;400px&#8220; custom_padding=&#8220;124px||||false|false&#8220; custom_padding_tablet=&#8220;55px||||false|false&#8220; custom_padding_phone=&#8220;55px||||false|false&#8220; bottom_divider_style=&#8220;curve&#8220; bottom_divider_color=&#8220;#94C01B&#8220; bottom_divider_height=&#8220;30px&#8220; background_last_edited=&#8220;on|phone&#8220; background_size_phone=&#8220;cover&#8220; background_position_phone=&#8220;center&#8220; locked=&#8220;off&#8220; custom_css_main_element_last_edited=&#8220;on|phone&#8220; custom_css_main_element_phone=&#8220;background-position-x: 65%!important;&#8220;][et_pb_row custom_padding_last_edited=&#8220;on|tablet&#8220; _builder_version=&#8220;4.9.0&#8243; _module_preset=&#8220;default&#8220; z_index=&#8220;12&#8243; width=&#8220;100%&#8220; max_width=&#8220;100vw&#8220; custom_margin=&#8220;0px||0px||false|false&#8220; custom_margin_tablet=&#8220;&#8220; custom_margin_phone=&#8220;&#8220; custom_margin_last_edited=&#8220;on|tablet&#8220; custom_padding=&#8220;213px|0px|0px|0px|false|false&#8220; custom_padding_tablet=&#8220;270px|0px|0px|0px|false|false&#8220; custom_padding_phone=&#8220;300px||||false|false&#8220;][et_pb_column type=&#8220;4_4&#8243; _builder_version=&#8220;4.9.0&#8243; _module_preset=&#8220;default&#8220;][et_pb_image src=&#8220;https:\/\/soyaustria.com\/wp-content\/uploads\/2021\/02\/SOY-Austria_seal_re_600.png&#8220; title_text=&#8220;SOY-Austria_seal_re_600&#8243; show_bottom_space=&#8220;off&#8220; align=&#8220;right&#8220; align_tablet=&#8220;right&#8220; align_phone=&#8220;right&#8220; align_last_edited=&#8220;off|desktop&#8220; _builder_version=&#8220;4.9.0&#8243; _module_preset=&#8220;default&#8220; background_enable_color=&#8220;off&#8220; width=&#8220;180px&#8220; max_width=&#8220;33vw&#8220; custom_margin=&#8220;-10px|28vw|||false|false&#8220; custom_margin_tablet=&#8220;|22vw|||false|false&#8220; custom_margin_phone=&#8220;|12vw|||false|false&#8220; custom_margin_last_edited=&#8220;on|tablet&#8220; custom_padding=&#8220;||||false|false&#8220;][\/et_pb_image][\/et_pb_column][\/et_pb_row][\/et_pb_section][et_pb_section fb_built=&#8220;1&#8243; _builder_version=&#8220;4.5.3&#8243; _module_preset=&#8220;default&#8220; custom_padding=&#8220;||11px|||&#8220; top_divider_style=&#8220;curve&#8220; top_divider_color=&#8220;#94C01B&#8220; top_divider_height=&#8220;40px&#8220; top_divider_repeat=&#8220;0x&#8220; bottom_divider_color=&#8220;#94C01B&#8220; bottom_divider_height=&#8220;5px&#8220; bottom_divider_flip=&#8220;vertical&#8220;][et_pb_row _builder_version=&#8220;4.5.3&#8243; _module_preset=&#8220;default&#8220; custom_padding=&#8220;30px||0px||false|false&#8220;][et_pb_column type=&#8220;4_4&#8243; _builder_version=&#8220;4.5.3&#8243; _module_preset=&#8220;default&#8220;][et_pb_text _builder_version=&#8220;4.9.2&#8243; header_font=&#8220;|700||on|||||&#8220; header_text_align=&#8220;center&#8220;]<\/p>\n<h1 style=\"text-align: center;\">NACHHALTIGKEIT<\/h1>\n<p>[\/et_pb_text][\/et_pb_column][\/et_pb_row][et_pb_row _builder_version=&#8220;4.5.3&#8243; custom_padding=&#8220;10px|0px|30px|0px|false|false&#8220;][et_pb_column type=&#8220;4_4&#8243; _builder_version=&#8220;3.25&#8243; custom_padding=&#8220;|||&#8220; custom_padding__hover=&#8220;|||&#8220;][et_pb_blurb image=&#8220;https:\/\/soyaustria.com\/wp-content\/uploads\/2020\/08\/Y.png&#8220; icon_placement=&#8220;left&#8220; _builder_version=&#8220;4.9.2&#8243; _module_preset=&#8220;default&#8220; header_level=&#8220;h3&#8243; body_font_size=&#8220;20px&#8220; custom_margin=&#8220;||1px|||&#8220; custom_padding=&#8220;10px||10px||true|false&#8220;]\u201cWir sind stolz darauf, den Gro\u00dfteil unserer Produkte in Bio-Qualit\u00e4t anbieten zu k\u00f6nnen.&#8220;[\/et_pb_blurb][\/et_pb_column][\/et_pb_row][et_pb_row column_structure=&#8220;1_2,1_2&#8243; use_custom_gutter=&#8220;on&#8220; gutter_width=&#8220;2&#8243; _builder_version=&#8220;4.5.3&#8243; background_size=&#8220;initial&#8220; background_position=&#8220;top_left&#8220; background_repeat=&#8220;repeat&#8220; custom_padding=&#8220;0|0px|30px|0px|false|false&#8220;][et_pb_column type=&#8220;1_2&#8243; _builder_version=&#8220;3.25&#8243; custom_padding=&#8220;|||&#8220; custom_padding__hover=&#8220;|||&#8220;][et_pb_image src=&#8220;https:\/\/soyaustria.com\/wp-content\/uploads\/2018\/05\/Headerbild_Soja_shutterstock_130864808.jpg&#8220; alt=&#8220;Soylutions&#8220; title_text=&#8220;Headerbild_Soja_shutterstock_130864808&#8243; align_tablet=&#8220;center&#8220; align_phone=&#8220;&#8220; align_last_edited=&#8220;on|desktop&#8220; _builder_version=&#8220;4.9.0&#8243;]&nbsp;<br \/>\n[\/et_pb_image][et_pb_image src=&#8220;https:\/\/soyaustria.com\/wp-content\/uploads\/2021\/03\/Sustainability_water.jpg&#8220; alt=&#8220;Sustainability&#8220; title_text=&#8220;Sustainability&#8220; _builder_version=&#8220;4.9.0&#8243; _module_preset=&#8220;default&#8220; width=&#8220;80%&#8220; custom_margin=&#8220;-4em|||2em|false|false&#8220; animation_style=&#8220;slide&#8220; animation_direction=&#8220;left&#8220;][\/et_pb_image][\/et_pb_column][et_pb_column type=&#8220;1_2&#8243; _builder_version=&#8220;3.25&#8243; custom_padding=&#8220;|||&#8220; custom_padding__hover=&#8220;|||&#8220;][et_pb_text _builder_version=&#8220;4.9.2&#8243; custom_margin=&#8220;-6px|||||&#8220; custom_padding=&#8220;0px|||||&#8220;]<\/p>\n<p>In der Soja-Industrie beginnt Nachhaltigkeit bereits beim <strong>Wachstum der Bohnen<\/strong>. Soja verf\u00fcgt als H\u00fclsenfrucht \u00fcber die einzigartige F\u00e4higkeit, Stickstoff aus der Luft zu binden. Dies geschieht durch die Symbiose mit Rhizobien (Kn\u00f6llchenbakterien), die es der Pflanze erlaubt, ohne zus\u00e4tzliche Stickstoffd\u00fcngung auszukommen. Wir sehen die Sojapflanze als Vorbild und Beweis daf\u00fcr, dass <strong>Nachhaltigkeit im Einklang mit der Weltwirtschaft<\/strong> steht.<\/p>\n<p>Soy Austria\u00ae hat sich dazu verpflichtet, ausschlie\u00dflich Sojabohnen einzukaufen, die auf <strong>\u00f6sterreichischen Feldern<\/strong> oder in anderen <strong>EU-Staaten<\/strong> gewachsen sind. Dies stellt sicher, dass unsere Bohnen so nachhaltig wie m\u00f6glich angebaut werden. Wir erwerben keine Sojabohnen, die in gro\u00dfen Monokulturen in \u00dcbersee produziert werden, und wir verwenden ausschlie\u00dflich <strong>gentechnikfreie<\/strong> Bohnen, die dem strengsten Standard von &lt;0,1% entsprechen. Wir unterst\u00fctzen lokale Kleinbauern, die beim Anbau der Bohnen die landwirtschaftlichen Standards von Soy Austria\u00ae einhalten. Wir sind stolz darauf, den Gro\u00dfteil unserer Produkte in Bio-Qualit\u00e4t anbieten zu k\u00f6nnen.<\/p>\n<p>Bei der Verarbeitung unserer Sojabohnen folgen wir dem Prinzip der <strong>minimalen Verarbeitung:<\/strong> So viel Verarbeitung wie n\u00f6tig, so wenig wie m\u00f6glich. Unser Bestreben liegt darin, die h\u00f6chstm\u00f6gliche Qualit\u00e4t unserer Sojabohnen zu erhalten, indem wir sie ausschlie\u00dflich mithilfe mechanischer und thermischer Verfahren verarbeiten und dabei auf chemische Modifikationen, L\u00f6sungsmittel oder Hilfsmittel verzichten.<\/p>\n<p>Unsere M\u00fchle liegt \u2013 aus historischen Gr\u00fcnden \u2013 an einem Fluss und Soy Austria\u00ae nutzt seit jeher <strong>Wasserkraft<\/strong> zur Verarbeitung landwirtschaftlicher Produkte. Heute beziehen wir unsere Energie aus einem eigenen modernen Wasserkraftwerk, erg\u00e4nzt um Strom, der aus <strong>100% nachhaltigen Quellen<\/strong> bezogen wird.<\/p>\n<p>[\/et_pb_text][\/et_pb_column][\/et_pb_row][\/et_pb_section]<\/p>\n<span class=\"et_bloom_bottom_trigger\"><\/span>","protected":false},"excerpt":{"rendered":"<p>NACHHALTIGKEIT\u201cWir sind stolz darauf, den Gro\u00dfteil unserer Produkte in Bio-Qualit\u00e4t anbieten zu k\u00f6nnen.&#8220;&nbsp; In der Soja-Industrie beginnt Nachhaltigkeit bereits beim Wachstum der Bohnen. Soja verf\u00fcgt als H\u00fclsenfrucht \u00fcber die einzigartige F\u00e4higkeit, Stickstoff aus der Luft zu binden. Dies geschieht durch die Symbiose mit Rhizobien (Kn\u00f6llchenbakterien), die es der Pflanze erlaubt, ohne zus\u00e4tzliche Stickstoffd\u00fcngung auszukommen. Wir [&hellip;]<\/p>\n","protected":false},"author":4,"featured_media":0,"parent":0,"menu_order":22,"comment_status":"closed","ping_status":"closed","template":"","meta":{"_et_pb_use_builder":"on","_et_pb_old_content":"","_et_gb_content_width":"","footnotes":""},"class_list":["post-8065","page","type-page","status-publish","hentry"],"yoast_head":"<!-- This site is optimized with the Yoast SEO plugin v27.3 - https:\/\/yoast.com\/product\/yoast-seo-wordpress\/ -->\n<title>NACHHALTIGKEIT: Gentechnikfreie Soja-Zutaten aus EU, bio - Soy Austria\u00ae<\/title>\n<meta name=\"description\" content=\"Unsere Sojaprodukte sind strikt gentechnikfrei. Wir unterst\u00fctzen lokale Kleinbauern in \u00d6sterreich und der EU. Viele Zutaten auch biologisch.\" \/>\n<meta name=\"robots\" content=\"index, follow, max-snippet:-1, max-image-preview:large, max-video-preview:-1\" \/>\n<link rel=\"canonical\" href=\"https:\/\/soyaustria.com\/de\/nachhaltigkeit\/\" \/>\n<meta name=\"twitter:card\" content=\"summary_large_image\" \/>\n<meta name=\"twitter:title\" content=\"NACHHALTIGKEIT: Gentechnikfreie Soja-Zutaten aus EU, bio - Soy Austria\u00ae\" \/>\n<meta name=\"twitter:description\" content=\"Unsere Sojaprodukte sind strikt gentechnikfrei. Wir unterst\u00fctzen lokale Kleinbauern in \u00d6sterreich und der EU. Viele Zutaten auch biologisch.\" \/>\n<meta name=\"twitter:label1\" content=\"Gesch\u00e4tzte Lesezeit\" \/>\n\t<meta name=\"twitter:data1\" content=\"5\u00a0Minuten\" \/>\n<script type=\"application\/ld+json\" class=\"yoast-schema-graph\">{\"@context\":\"https:\\\/\\\/schema.org\",\"@graph\":[{\"@type\":\"WebPage\",\"@id\":\"https:\\\/\\\/soyaustria.com\\\/de\\\/nachhaltigkeit\\\/\",\"url\":\"https:\\\/\\\/soyaustria.com\\\/de\\\/nachhaltigkeit\\\/\",\"name\":\"NACHHALTIGKEIT: Gentechnikfreie Soja-Zutaten aus EU, bio - Soy Austria\u00ae\",\"isPartOf\":{\"@id\":\"https:\\\/\\\/soyaustria.com\\\/de\\\/#website\"},\"datePublished\":\"2020-08-05T11:40:12+00:00\",\"dateModified\":\"2021-03-24T17:15:16+00:00\",\"description\":\"Unsere Sojaprodukte sind strikt gentechnikfrei. Wir unterst\u00fctzen lokale Kleinbauern in \u00d6sterreich und der EU. Viele Zutaten auch biologisch.\",\"breadcrumb\":{\"@id\":\"https:\\\/\\\/soyaustria.com\\\/de\\\/nachhaltigkeit\\\/#breadcrumb\"},\"inLanguage\":\"de\",\"potentialAction\":[{\"@type\":\"ReadAction\",\"target\":[\"https:\\\/\\\/soyaustria.com\\\/de\\\/nachhaltigkeit\\\/\"]}]},{\"@type\":\"BreadcrumbList\",\"@id\":\"https:\\\/\\\/soyaustria.com\\\/de\\\/nachhaltigkeit\\\/#breadcrumb\",\"itemListElement\":[{\"@type\":\"ListItem\",\"position\":1,\"name\":\"Startseite\",\"item\":\"https:\\\/\\\/soyaustria.com\\\/de\\\/\"},{\"@type\":\"ListItem\",\"position\":2,\"name\":\"NACHHALTIGKEIT\"}]},{\"@type\":\"WebSite\",\"@id\":\"https:\\\/\\\/soyaustria.com\\\/de\\\/#website\",\"url\":\"https:\\\/\\\/soyaustria.com\\\/de\\\/\",\"name\":\"Soy Austria\u00ae\",\"description\":\"Natural Soylutions\",\"publisher\":{\"@id\":\"https:\\\/\\\/soyaustria.com\\\/de\\\/#organization\"},\"potentialAction\":[{\"@type\":\"SearchAction\",\"target\":{\"@type\":\"EntryPoint\",\"urlTemplate\":\"https:\\\/\\\/soyaustria.com\\\/de\\\/?s={search_term_string}\"},\"query-input\":{\"@type\":\"PropertyValueSpecification\",\"valueRequired\":true,\"valueName\":\"search_term_string\"}}],\"inLanguage\":\"de\"},{\"@type\":\"Organization\",\"@id\":\"https:\\\/\\\/soyaustria.com\\\/de\\\/#organization\",\"name\":\"Soy Austria GmbH\",\"url\":\"https:\\\/\\\/soyaustria.com\\\/de\\\/\",\"logo\":{\"@type\":\"ImageObject\",\"inLanguage\":\"de\",\"@id\":\"https:\\\/\\\/soyaustria.com\\\/de\\\/#\\\/schema\\\/logo\\\/image\\\/\",\"url\":\"https:\\\/\\\/soyaustria.com\\\/wp-content\\\/uploads\\\/2018\\\/08\\\/apple_touch_icon.png\",\"contentUrl\":\"https:\\\/\\\/soyaustria.com\\\/wp-content\\\/uploads\\\/2018\\\/08\\\/apple_touch_icon.png\",\"width\":\"57\",\"height\":\"57\",\"caption\":\"Soy Austria GmbH\"},\"image\":{\"@id\":\"https:\\\/\\\/soyaustria.com\\\/de\\\/#\\\/schema\\\/logo\\\/image\\\/\"},\"sameAs\":[\"https:\\\/\\\/www.linkedin.com\\\/company\\\/soy-austria-gmbh\\\/\"]}]}<\/script>\n<!-- \/ Yoast SEO plugin. -->","yoast_head_json":{"title":"NACHHALTIGKEIT: Gentechnikfreie Soja-Zutaten aus EU, bio - Soy Austria\u00ae","description":"Unsere Sojaprodukte sind strikt gentechnikfrei. Wir unterst\u00fctzen lokale Kleinbauern in \u00d6sterreich und der EU. Viele Zutaten auch biologisch.","robots":{"index":"index","follow":"follow","max-snippet":"max-snippet:-1","max-image-preview":"max-image-preview:large","max-video-preview":"max-video-preview:-1"},"canonical":"https:\/\/soyaustria.com\/de\/nachhaltigkeit\/","twitter_card":"summary_large_image","twitter_title":"NACHHALTIGKEIT: Gentechnikfreie Soja-Zutaten aus EU, bio - Soy Austria\u00ae","twitter_description":"Unsere Sojaprodukte sind strikt gentechnikfrei. Wir unterst\u00fctzen lokale Kleinbauern in \u00d6sterreich und der EU. Viele Zutaten auch biologisch.","twitter_misc":{"Gesch\u00e4tzte Lesezeit":"5\u00a0Minuten"},"schema":{"@context":"https:\/\/schema.org","@graph":[{"@type":"WebPage","@id":"https:\/\/soyaustria.com\/de\/nachhaltigkeit\/","url":"https:\/\/soyaustria.com\/de\/nachhaltigkeit\/","name":"NACHHALTIGKEIT: Gentechnikfreie Soja-Zutaten aus EU, bio - Soy Austria\u00ae","isPartOf":{"@id":"https:\/\/soyaustria.com\/de\/#website"},"datePublished":"2020-08-05T11:40:12+00:00","dateModified":"2021-03-24T17:15:16+00:00","description":"Unsere Sojaprodukte sind strikt gentechnikfrei. Wir unterst\u00fctzen lokale Kleinbauern in \u00d6sterreich und der EU. Viele Zutaten auch biologisch.","breadcrumb":{"@id":"https:\/\/soyaustria.com\/de\/nachhaltigkeit\/#breadcrumb"},"inLanguage":"de","potentialAction":[{"@type":"ReadAction","target":["https:\/\/soyaustria.com\/de\/nachhaltigkeit\/"]}]},{"@type":"BreadcrumbList","@id":"https:\/\/soyaustria.com\/de\/nachhaltigkeit\/#breadcrumb","itemListElement":[{"@type":"ListItem","position":1,"name":"Startseite","item":"https:\/\/soyaustria.com\/de\/"},{"@type":"ListItem","position":2,"name":"NACHHALTIGKEIT"}]},{"@type":"WebSite","@id":"https:\/\/soyaustria.com\/de\/#website","url":"https:\/\/soyaustria.com\/de\/","name":"Soy Austria\u00ae","description":"Natural Soylutions","publisher":{"@id":"https:\/\/soyaustria.com\/de\/#organization"},"potentialAction":[{"@type":"SearchAction","target":{"@type":"EntryPoint","urlTemplate":"https:\/\/soyaustria.com\/de\/?s={search_term_string}"},"query-input":{"@type":"PropertyValueSpecification","valueRequired":true,"valueName":"search_term_string"}}],"inLanguage":"de"},{"@type":"Organization","@id":"https:\/\/soyaustria.com\/de\/#organization","name":"Soy Austria GmbH","url":"https:\/\/soyaustria.com\/de\/","logo":{"@type":"ImageObject","inLanguage":"de","@id":"https:\/\/soyaustria.com\/de\/#\/schema\/logo\/image\/","url":"https:\/\/soyaustria.com\/wp-content\/uploads\/2018\/08\/apple_touch_icon.png","contentUrl":"https:\/\/soyaustria.com\/wp-content\/uploads\/2018\/08\/apple_touch_icon.png","width":"57","height":"57","caption":"Soy Austria GmbH"},"image":{"@id":"https:\/\/soyaustria.com\/de\/#\/schema\/logo\/image\/"},"sameAs":["https:\/\/www.linkedin.com\/company\/soy-austria-gmbh\/"]}]}},"_links":{"self":[{"href":"https:\/\/soyaustria.com\/de\/wp-json\/wp\/v2\/pages\/8065","targetHints":{"allow":["GET"]}}],"collection":[{"href":"https:\/\/soyaustria.com\/de\/wp-json\/wp\/v2\/pages"}],"about":[{"href":"https:\/\/soyaustria.com\/de\/wp-json\/wp\/v2\/types\/page"}],"author":[{"embeddable":true,"href":"https:\/\/soyaustria.com\/de\/wp-json\/wp\/v2\/users\/4"}],"replies":[{"embeddable":true,"href":"https:\/\/soyaustria.com\/de\/wp-json\/wp\/v2\/comments?post=8065"}],"version-history":[{"count":0,"href":"https:\/\/soyaustria.com\/de\/wp-json\/wp\/v2\/pages\/8065\/revisions"}],"wp:attachment":[{"href":"https:\/\/soyaustria.com\/de\/wp-json\/wp\/v2\/media?parent=8065"}],"curies":[{"name":"wp","href":"https:\/\/api.w.org\/{rel}","templated":true}]}}