{"id":8048,"date":"2021-02-23T13:23:12","date_gmt":"2021-02-23T12:23:12","guid":{"rendered":"https:\/\/staging.soyaustria.com\/home\/soy-as-a-valuable-food-ingredient\/"},"modified":"2022-01-24T11:15:00","modified_gmt":"2022-01-24T10:15:00","slug":"soja-als-zutat","status":"publish","type":"page","link":"https:\/\/soyaustria.com\/de\/home\/soja-als-zutat\/","title":{"rendered":"SOJA ALS ZUTAT"},"content":{"rendered":"<p>[et_pb_section fb_built=&#8220;1&#8243; fullwidth=&#8220;on&#8220; disabled_on=&#8220;on|on|on&#8220; _builder_version=&#8220;4.5.3&#8243; _module_preset=&#8220;default&#8220; bottom_divider_style=&#8220;curve&#8220; bottom_divider_color=&#8220;#94C01B&#8220; bottom_divider_height=&#8220;30px&#8220; disabled=&#8220;on&#8220; global_colors_info=&#8220;{}&#8220;][et_pb_fullwidth_header button_one_text=&#8220;Contact us&#8220; logo_image_url=&#8220;https:\/\/soyaustria.com\/wp-content\/uploads\/2021\/02\/SOY_Austria_Logo_neg.png&#8220; _builder_version=&#8220;4.9.0&#8243; _module_preset=&#8220;default&#8220; title_font=&#8220;|700|||||||&#8220; title_font_size=&#8220;38px&#8220; background_enable_color=&#8220;off&#8220; use_background_color_gradient=&#8220;on&#8220; background_color_gradient_start=&#8220;rgba(0,0,0,0)&#8220; background_color_gradient_end=&#8220;rgba(0,0,0,0.52)&#8220; background_color_gradient_overlays_image=&#8220;on&#8220; background_image=&#8220;https:\/\/soyaustria.com\/wp-content\/uploads\/2021\/02\/Soy_Ingredient.jpg&#8220; min_height=&#8220;400px&#8220; height=&#8220;400px&#8220; max_height=&#8220;400px&#8220; custom_padding=&#8220;140px|||180px|false|false&#8220; border_color_bottom=&#8220;#7cda24&#8243; global_colors_info=&#8220;{}&#8220;][\/et_pb_fullwidth_header][\/et_pb_section][et_pb_section fb_built=&#8220;1&#8243; custom_padding_last_edited=&#8220;on|tablet&#8220; _builder_version=&#8220;4.9.0&#8243; _module_preset=&#8220;default&#8220; background_image=&#8220;https:\/\/soyaustria.com\/wp-content\/uploads\/2021\/02\/Soy_Ingredient-e1614250209778.jpg&#8220; min_height=&#8220;400px&#8220; height=&#8220;400px&#8220; max_height=&#8220;400px&#8220; custom_padding=&#8220;124px||||false|false&#8220; custom_padding_tablet=&#8220;55px||||false|false&#8220; custom_padding_phone=&#8220;55px||||false|false&#8220; bottom_divider_style=&#8220;curve&#8220; bottom_divider_color=&#8220;#94C01B&#8220; bottom_divider_height=&#8220;30px&#8220; background_last_edited=&#8220;on|phone&#8220; background_size_phone=&#8220;cover&#8220; background_position_phone=&#8220;center&#8220; locked=&#8220;off&#8220; global_colors_info=&#8220;{}&#8220; custom_css_main_element_last_edited=&#8220;on|phone&#8220; custom_css_main_element_phone=&#8220;background-position-x: 65%!important;&#8220;][et_pb_row custom_padding_last_edited=&#8220;on|tablet&#8220; _builder_version=&#8220;4.9.0&#8243; _module_preset=&#8220;default&#8220; z_index=&#8220;12&#8243; width=&#8220;100%&#8220; max_width=&#8220;100vw&#8220; custom_margin=&#8220;0px||0px||false|false&#8220; custom_margin_tablet=&#8220;&#8220; custom_margin_phone=&#8220;&#8220; custom_margin_last_edited=&#8220;on|tablet&#8220; custom_padding=&#8220;213px|0px|0px|0px|false|false&#8220; custom_padding_tablet=&#8220;270px|0px|0px|0px|false|false&#8220; custom_padding_phone=&#8220;300px||||false|false&#8220; global_colors_info=&#8220;{}&#8220;][et_pb_column type=&#8220;4_4&#8243; _builder_version=&#8220;4.9.0&#8243; _module_preset=&#8220;default&#8220; global_colors_info=&#8220;{}&#8220;][et_pb_image src=&#8220;https:\/\/soyaustria.com\/wp-content\/uploads\/2021\/02\/SOY-Austria_seal_re_600.png&#8220; title_text=&#8220;SOY-Austria_seal_re_600&#8243; show_bottom_space=&#8220;off&#8220; align=&#8220;right&#8220; align_tablet=&#8220;right&#8220; align_phone=&#8220;right&#8220; align_last_edited=&#8220;off|desktop&#8220; _builder_version=&#8220;4.9.0&#8243; _module_preset=&#8220;default&#8220; background_enable_color=&#8220;off&#8220; width=&#8220;180px&#8220; max_width=&#8220;33vw&#8220; custom_margin=&#8220;-10px|28vw|||false|false&#8220; custom_margin_tablet=&#8220;|22vw|||false|false&#8220; custom_margin_phone=&#8220;|12vw|||false|false&#8220; custom_margin_last_edited=&#8220;on|tablet&#8220; custom_padding=&#8220;||||false|false&#8220; global_colors_info=&#8220;{}&#8220;][\/et_pb_image][\/et_pb_column][\/et_pb_row][\/et_pb_section][et_pb_section fb_built=&#8220;1&#8243; _builder_version=&#8220;4.5.3&#8243; _module_preset=&#8220;default&#8220; custom_padding=&#8220;||11px|||&#8220; top_divider_style=&#8220;curve&#8220; top_divider_color=&#8220;#94C01B&#8220; top_divider_height=&#8220;40px&#8220; top_divider_repeat=&#8220;0x&#8220; bottom_divider_color=&#8220;#94C01B&#8220; bottom_divider_height=&#8220;5px&#8220; bottom_divider_flip=&#8220;vertical&#8220; global_colors_info=&#8220;{}&#8220;][et_pb_row _builder_version=&#8220;4.5.3&#8243; _module_preset=&#8220;default&#8220; custom_padding=&#8220;30px||0px||false|false&#8220; global_colors_info=&#8220;{}&#8220;][et_pb_column type=&#8220;4_4&#8243; _builder_version=&#8220;4.5.3&#8243; _module_preset=&#8220;default&#8220; global_colors_info=&#8220;{}&#8220;][et_pb_text _builder_version=&#8220;4.9.2&#8243; header_font=&#8220;|700||on|||||&#8220; header_text_align=&#8220;center&#8220; global_colors_info=&#8220;{}&#8220;]<\/p>\n<h1 style=\"text-align: center;\">Soja als wertvolle Lebensmittelzutat<\/h1>\n<p>[\/et_pb_text][\/et_pb_column][\/et_pb_row][et_pb_row _builder_version=&#8220;4.5.3&#8243; custom_padding=&#8220;10px|0px|30px|0px|false|false&#8220; global_colors_info=&#8220;{}&#8220;][et_pb_column type=&#8220;4_4&#8243; _builder_version=&#8220;3.25&#8243; custom_padding=&#8220;|||&#8220; global_colors_info=&#8220;{}&#8220; custom_padding__hover=&#8220;|||&#8220;][et_pb_blurb image=&#8220;https:\/\/soyaustria.com\/wp-content\/uploads\/2020\/08\/Y.png&#8220; icon_placement=&#8220;left&#8220; _builder_version=&#8220;4.13.0&#8243; _module_preset=&#8220;default&#8220; header_level=&#8220;h3&#8243; body_font_size=&#8220;20px&#8220; custom_margin=&#8220;||1px|||&#8220; custom_padding=&#8220;10px||10px||true|false&#8220; global_colors_info=&#8220;{}&#8220;]<\/p>\n<p>\u201cWir sind von Soja inspiriert und stolz darauf, die Soja-Verarbeitung perfektioniert zu haben, denn wir verwenden alle Teile der Bohne.&#8220;<\/p>\n<p>[\/et_pb_blurb][\/et_pb_column][\/et_pb_row][et_pb_row column_structure=&#8220;1_2,1_2&#8243; use_custom_gutter=&#8220;on&#8220; gutter_width=&#8220;2&#8243; _builder_version=&#8220;4.5.3&#8243; background_size=&#8220;initial&#8220; background_position=&#8220;top_left&#8220; background_repeat=&#8220;repeat&#8220; custom_padding=&#8220;0|0px|30px|0px|false|false&#8220; global_colors_info=&#8220;{}&#8220;][et_pb_column type=&#8220;1_2&#8243; _builder_version=&#8220;3.25&#8243; custom_padding=&#8220;|||&#8220; global_colors_info=&#8220;{}&#8220; custom_padding__hover=&#8220;|||&#8220;][et_pb_image src=&#8220;https:\/\/soyaustria.com\/wp-content\/uploads\/2018\/08\/Soja_Austria_Unternehmen_Feld.jpg&#8220; alt=&#8220;Soy field&#8220; title_text=&#8220;Soy field&#8220; align_tablet=&#8220;center&#8220; align_phone=&#8220;&#8220; align_last_edited=&#8220;on|desktop&#8220; _builder_version=&#8220;4.9.0&#8243; global_colors_info=&#8220;{}&#8220;]&nbsp;<br \/>\n[\/et_pb_image][et_pb_image src=&#8220;https:\/\/soyaustria.com\/wp-content\/uploads\/2019\/10\/shutterstock_1281363244_900x900.jpg&#8220; alt=&#8220;Soy as an ingredient&#8220; title_text=&#8220;Soy as an ingredient&#8220; _builder_version=&#8220;4.9.0&#8243; _module_preset=&#8220;default&#8220; width=&#8220;50%&#8220; custom_margin=&#8220;-4em|||2em|false|false&#8220; animation_style=&#8220;slide&#8220; animation_direction=&#8220;left&#8220; global_colors_info=&#8220;{}&#8220;][\/et_pb_image][\/et_pb_column][et_pb_column type=&#8220;1_2&#8243; _builder_version=&#8220;3.25&#8243; custom_padding=&#8220;|||&#8220; global_colors_info=&#8220;{}&#8220; custom_padding__hover=&#8220;|||&#8220;][et_pb_text _builder_version=&#8220;4.9.2&#8243; custom_margin=&#8220;-6px|||||&#8220; custom_padding=&#8220;0px|||||&#8220; global_colors_info=&#8220;{}&#8220;]<\/p>\n<p>Seit vielen Jahrtausenden wissen Menschen den gro\u00dfen Wert von Soja als wertvolle <strong>Protein- und Energie-Quelle<\/strong> zu sch\u00e4tzen. Ausgehend von Asien, wo Soja eine lange Tradition in der t\u00e4glichen Ern\u00e4hrung hat, wurde Soja nach und nach weltweit popul\u00e4r. Heute sehen wir in Soja das Potenzial, den <strong>Herausforderungen<\/strong> einer <strong>wachsenden Weltbev\u00f6lkerung<\/strong> und der bevorstehenden Notwendigkeit, <strong>nachhaltige und pflanzenbasierte<\/strong> Proteinquellen verf\u00fcgbar zu machen, zu begegnen.<\/p>\n<p>Mit <strong>hervorragenden N\u00e4hrwerten<\/strong> von 20% Fett und rund 40% hochwertigem Eiwei\u00df erf\u00fcllen Sojabohnen die ern\u00e4hrungsphysiologischen und multifunktionalen Anforderungen an moderne Lebensmittel. Dank seines hohen Anteils an Fett und Lecithin fungiert Soja als nat\u00fcrlicher Emulgator und leistet einen Beitrag zur Entwicklung funktionaler und nat\u00fcrlicher Back- und S\u00fc\u00dfwaren. Soja-Protein hat eine der <strong>h\u00f6chsten biologischen Wertigkeiten<\/strong> unter den pflanzenbasierten Proteinen und enth\u00e4lt alle essenziellen Aminos\u00e4uren. Zudem zeichnet es sich durch gute Verstoffwechslung und hervorragende Bioverf\u00fcgbarkeit aus. Soy Austria\u00ae ist stolz darauf, die Soja-Verarbeitung perfektioniert zu haben: Wir verwenden alle Teile der Bohne, um ein multifunktionales Portfolio an 100% <strong>nat\u00fcrlichen<\/strong> Soja-Lebensmittelzutaten anbieten zu k\u00f6nnen.<\/p>\n<p>[\/et_pb_text][\/et_pb_column][\/et_pb_row][et_pb_row _builder_version=&#8220;4.9.0&#8243; _module_preset=&#8220;default&#8220; background_color=&#8220;#94C01B&#8220; custom_padding=&#8220;7px||0px||false|false&#8220; global_colors_info=&#8220;{}&#8220;][et_pb_column type=&#8220;4_4&#8243; _builder_version=&#8220;4.9.0&#8243; _module_preset=&#8220;default&#8220; global_colors_info=&#8220;{}&#8220;][et_pb_text _builder_version=&#8220;4.9.2&#8243; _module_preset=&#8220;default&#8220; header_2_font=&#8220;|||on|||||&#8220; header_2_text_color=&#8220;#FFFFFF&#8220; custom_margin=&#8220;0px||0px||true|false&#8220; custom_padding=&#8220;15px|15px|5px|15px|false|true&#8220; global_colors_info=&#8220;{}&#8220;]<\/p>\n<h2>Wir verwenden alle Teile der Bohne<\/h2>\n<p>[\/et_pb_text][\/et_pb_column][\/et_pb_row][et_pb_row column_structure=&#8220;3_5,2_5&#8243; use_custom_gutter=&#8220;on&#8220; gutter_width=&#8220;2&#8243; _builder_version=&#8220;4.9.0&#8243; background_size=&#8220;initial&#8220; background_position=&#8220;top_left&#8220; background_repeat=&#8220;repeat&#8220; custom_margin=&#8220;0px|auto|48px|auto|false|false&#8220; custom_margin_tablet=&#8220;0px|auto||auto|false|false&#8220; custom_margin_phone=&#8220;&#8220; custom_margin_last_edited=&#8220;on|phone&#8220; custom_padding=&#8220;0|0px|11px|0px|false|false&#8220; border_width_all=&#8220;4px&#8220; border_color_all=&#8220;#94C01B&#8220; global_colors_info=&#8220;{}&#8220;][et_pb_column type=&#8220;3_5&#8243; _builder_version=&#8220;3.25&#8243; custom_padding=&#8220;|||&#8220; global_colors_info=&#8220;{}&#8220; custom_padding__hover=&#8220;|||&#8220;][et_pb_text _builder_version=&#8220;4.9.0&#8243; custom_margin=&#8220;15px|15px||15px|false|true&#8220; custom_padding=&#8220;0px|||||&#8220; global_colors_info=&#8220;{}&#8220;]<\/p>\n<p><strong>Ganze Bohne<\/strong><br \/><strong><a href=\"https:\/\/soyaustria.com\/de\/soy-full-fat\/soypan\/\"><span style=\"color: #94c01b;\">SOY<\/span>PAN<\/a>, <a href=\"https:\/\/soyaustria.com\/de\/soy-full-fat\/soysan\/\"><span style=\"color: #94c01b;\">SOY<\/span>SAN<\/a>, <a href=\"https:\/\/soyaustria.com\/de\/soy-full-fat\/soygran\/\"><span style=\"color: #94c01b;\">SOY<\/span>GRAN<\/a>:<\/strong> Vollfette Sojabohnen-Produkte wie Sojamehl, Flocken oder halbierte Bohnen vereinen die Vorteile aller Soja-Bestandteile, liefern hohen N\u00e4hrwert sowie gute Emulgierbarkeit und lassen sich in Lebensmitteln multifunktional einsetzen. Je nach R\u00f6stgrad decken vollfette Sojamehle eine Vielzahl sensorischer Eigenschaften ab, vom typischen Bohnengeschmack bis hin zu nussigen Aromen wie Haselnuss oder Erdnuss.<\/p>\n<p><strong>Sojaprotein<\/strong><br \/><strong><a href=\"https:\/\/soyaustria.com\/de\/soy-texture\/\"><span style=\"color: #94c01b;\">SOY<\/span>TEXTURE<\/a>, <a href=\"https:\/\/soyaustria.com\/de\/soy-pro\/\"><span style=\"color: #94c01b;\">SOY<\/span>PRO 50<\/a>:<\/strong> Durch sanftes Auspressen des Soja\u00f6ls entsteht ein zu 100% nat\u00fcrliches Sojamehl mit 50% nativem Sojaprotein; dieses teilentfettete Mehl ist Ausgangsmaterial f\u00fcr unsere einzigartigen Soja-Texturate.<\/p>\n<p><strong>Schale<\/strong><br \/><strong><a href=\"https:\/\/soyaustria.com\/de\/soy-full-fat\/soybran\/\"><span style=\"color: #94c01b;\">SOY<\/span>BRAN<\/a>:<\/strong> gemahlene Sojabohnen-Schalen, reich an Ballaststoffen, f\u00fcgen Viskosit\u00e4t in w\u00e4ssrige L\u00f6sungen hinzu, hohe Wasserbindungsf\u00e4higkeit<\/p>\n<p><strong>Lipidk\u00f6rper<\/strong><br \/><strong><span style=\"color: #94c01b;\">SOY<\/span>OIL<\/strong> crude: sanft gepresst, reich an mehrfach unges\u00e4ttigten Fetts\u00e4uren, Lecithin und Vitamin E<\/p>\n<p>[\/et_pb_text][\/et_pb_column][et_pb_column type=&#8220;2_5&#8243; _builder_version=&#8220;3.25&#8243; custom_padding=&#8220;|||&#8220; global_colors_info=&#8220;{}&#8220; custom_padding__hover=&#8220;|||&#8220;][et_pb_image src=&#8220;https:\/\/soyaustria.com\/wp-content\/uploads\/2021\/02\/Beans_Illu.jpg&#8220; alt=&#8220;Soybean&#8220; title_text=&#8220;Soybean&#8220; show_in_lightbox=&#8220;on&#8220; use_overlay=&#8220;on&#8220; hover_overlay_color=&#8220;rgba(0,0,0,0.27)&#8220; hover_icon=&#8220;&#x50;||divi||400&#8243; align_tablet=&#8220;center&#8220; align_phone=&#8220;&#8220; align_last_edited=&#8220;on|desktop&#8220; disabled_on=&#8220;off|off|off&#8220; _builder_version=&#8220;4.13.0&#8243; custom_padding=&#8220;15px|15px|15px|15px|true|true&#8220; global_colors_info=&#8220;{}&#8220;]&nbsp;<br \/>\n[\/et_pb_image][\/et_pb_column][\/et_pb_row][\/et_pb_section]<\/p>\n<span class=\"et_bloom_bottom_trigger\"><\/span>","protected":false},"excerpt":{"rendered":"<p>Soja als wertvolle Lebensmittelzutat\u201cWir sind von Soja inspiriert und stolz darauf, die Soja-Verarbeitung perfektioniert zu haben, denn wir verwenden alle Teile der Bohne.&#8220;&nbsp; Seit vielen Jahrtausenden wissen Menschen den gro\u00dfen Wert von Soja als wertvolle Protein- und Energie-Quelle zu sch\u00e4tzen. Ausgehend von Asien, wo Soja eine lange Tradition in der t\u00e4glichen Ern\u00e4hrung hat, wurde Soja [&hellip;]<\/p>\n","protected":false},"author":4,"featured_media":0,"parent":8042,"menu_order":2,"comment_status":"closed","ping_status":"closed","template":"","meta":{"_et_pb_use_builder":"on","_et_pb_old_content":"","_et_gb_content_width":"","footnotes":""},"class_list":["post-8048","page","type-page","status-publish","hentry"],"yoast_head":"<!-- This site is optimized with the Yoast SEO plugin v27.3 - https:\/\/yoast.com\/product\/yoast-seo-wordpress\/ -->\n<title>SOJA ALS WERTVOLLE LEBENSMITTELZUTAT - Soy Austria\u00ae<\/title>\n<meta name=\"description\" content=\"Soja hat wenig Fett, viel Eiwei\u00df und ist Antwort auf globale Herausforderungen. Wir verwenden jeden Teil der Bohne: Schale, Hilum, ganze Bohne\" \/>\n<meta name=\"robots\" content=\"index, follow, max-snippet:-1, max-image-preview:large, max-video-preview:-1\" \/>\n<link rel=\"canonical\" href=\"https:\/\/soyaustria.com\/de\/home\/soja-als-zutat\/\" \/>\n<meta name=\"twitter:card\" content=\"summary_large_image\" \/>\n<meta name=\"twitter:title\" content=\"SOJA ALS WERTVOLLE LEBENSMITTELZUTAT - Soy Austria\u00ae\" \/>\n<meta name=\"twitter:description\" content=\"Soja hat wenig Fett, viel Eiwei\u00df und ist Antwort auf globale Herausforderungen. Wir verwenden jeden Teil der Bohne: Schale, Hilum, ganze Bohne\" \/>\n<meta name=\"twitter:label1\" content=\"Gesch\u00e4tzte Lesezeit\" \/>\n\t<meta name=\"twitter:data1\" content=\"7\u00a0Minuten\" \/>\n<script type=\"application\/ld+json\" class=\"yoast-schema-graph\">{\"@context\":\"https:\\\/\\\/schema.org\",\"@graph\":[{\"@type\":\"WebPage\",\"@id\":\"https:\\\/\\\/soyaustria.com\\\/de\\\/home\\\/soja-als-zutat\\\/\",\"url\":\"https:\\\/\\\/soyaustria.com\\\/de\\\/home\\\/soja-als-zutat\\\/\",\"name\":\"SOJA ALS WERTVOLLE LEBENSMITTELZUTAT - Soy Austria\u00ae\",\"isPartOf\":{\"@id\":\"https:\\\/\\\/soyaustria.com\\\/de\\\/#website\"},\"datePublished\":\"2021-02-23T12:23:12+00:00\",\"dateModified\":\"2022-01-24T10:15:00+00:00\",\"description\":\"Soja hat wenig Fett, viel Eiwei\u00df und ist Antwort auf globale Herausforderungen. Wir verwenden jeden Teil der Bohne: Schale, Hilum, ganze Bohne\",\"breadcrumb\":{\"@id\":\"https:\\\/\\\/soyaustria.com\\\/de\\\/home\\\/soja-als-zutat\\\/#breadcrumb\"},\"inLanguage\":\"de\",\"potentialAction\":[{\"@type\":\"ReadAction\",\"target\":[\"https:\\\/\\\/soyaustria.com\\\/de\\\/home\\\/soja-als-zutat\\\/\"]}]},{\"@type\":\"BreadcrumbList\",\"@id\":\"https:\\\/\\\/soyaustria.com\\\/de\\\/home\\\/soja-als-zutat\\\/#breadcrumb\",\"itemListElement\":[{\"@type\":\"ListItem\",\"position\":1,\"name\":\"Startseite\",\"item\":\"https:\\\/\\\/soyaustria.com\\\/de\\\/\"},{\"@type\":\"ListItem\",\"position\":2,\"name\":\"SOY AUSTRIA\",\"item\":\"https:\\\/\\\/soyaustria.com\\\/de\\\/\"},{\"@type\":\"ListItem\",\"position\":3,\"name\":\"SOJA ALS ZUTAT\"}]},{\"@type\":\"WebSite\",\"@id\":\"https:\\\/\\\/soyaustria.com\\\/de\\\/#website\",\"url\":\"https:\\\/\\\/soyaustria.com\\\/de\\\/\",\"name\":\"Soy Austria\u00ae\",\"description\":\"Natural Soylutions\",\"publisher\":{\"@id\":\"https:\\\/\\\/soyaustria.com\\\/de\\\/#organization\"},\"potentialAction\":[{\"@type\":\"SearchAction\",\"target\":{\"@type\":\"EntryPoint\",\"urlTemplate\":\"https:\\\/\\\/soyaustria.com\\\/de\\\/?s={search_term_string}\"},\"query-input\":{\"@type\":\"PropertyValueSpecification\",\"valueRequired\":true,\"valueName\":\"search_term_string\"}}],\"inLanguage\":\"de\"},{\"@type\":\"Organization\",\"@id\":\"https:\\\/\\\/soyaustria.com\\\/de\\\/#organization\",\"name\":\"Soy Austria GmbH\",\"url\":\"https:\\\/\\\/soyaustria.com\\\/de\\\/\",\"logo\":{\"@type\":\"ImageObject\",\"inLanguage\":\"de\",\"@id\":\"https:\\\/\\\/soyaustria.com\\\/de\\\/#\\\/schema\\\/logo\\\/image\\\/\",\"url\":\"https:\\\/\\\/soyaustria.com\\\/wp-content\\\/uploads\\\/2018\\\/08\\\/apple_touch_icon.png\",\"contentUrl\":\"https:\\\/\\\/soyaustria.com\\\/wp-content\\\/uploads\\\/2018\\\/08\\\/apple_touch_icon.png\",\"width\":\"57\",\"height\":\"57\",\"caption\":\"Soy Austria GmbH\"},\"image\":{\"@id\":\"https:\\\/\\\/soyaustria.com\\\/de\\\/#\\\/schema\\\/logo\\\/image\\\/\"},\"sameAs\":[\"https:\\\/\\\/www.linkedin.com\\\/company\\\/soy-austria-gmbh\\\/\"]}]}<\/script>\n<!-- \/ Yoast SEO plugin. -->","yoast_head_json":{"title":"SOJA ALS WERTVOLLE LEBENSMITTELZUTAT - Soy Austria\u00ae","description":"Soja hat wenig Fett, viel Eiwei\u00df und ist Antwort auf globale Herausforderungen. Wir verwenden jeden Teil der Bohne: Schale, Hilum, ganze Bohne","robots":{"index":"index","follow":"follow","max-snippet":"max-snippet:-1","max-image-preview":"max-image-preview:large","max-video-preview":"max-video-preview:-1"},"canonical":"https:\/\/soyaustria.com\/de\/home\/soja-als-zutat\/","twitter_card":"summary_large_image","twitter_title":"SOJA ALS WERTVOLLE LEBENSMITTELZUTAT - Soy Austria\u00ae","twitter_description":"Soja hat wenig Fett, viel Eiwei\u00df und ist Antwort auf globale Herausforderungen. Wir verwenden jeden Teil der Bohne: Schale, Hilum, ganze Bohne","twitter_misc":{"Gesch\u00e4tzte Lesezeit":"7\u00a0Minuten"},"schema":{"@context":"https:\/\/schema.org","@graph":[{"@type":"WebPage","@id":"https:\/\/soyaustria.com\/de\/home\/soja-als-zutat\/","url":"https:\/\/soyaustria.com\/de\/home\/soja-als-zutat\/","name":"SOJA ALS WERTVOLLE LEBENSMITTELZUTAT - Soy Austria\u00ae","isPartOf":{"@id":"https:\/\/soyaustria.com\/de\/#website"},"datePublished":"2021-02-23T12:23:12+00:00","dateModified":"2022-01-24T10:15:00+00:00","description":"Soja hat wenig Fett, viel Eiwei\u00df und ist Antwort auf globale Herausforderungen. Wir verwenden jeden Teil der Bohne: Schale, Hilum, ganze Bohne","breadcrumb":{"@id":"https:\/\/soyaustria.com\/de\/home\/soja-als-zutat\/#breadcrumb"},"inLanguage":"de","potentialAction":[{"@type":"ReadAction","target":["https:\/\/soyaustria.com\/de\/home\/soja-als-zutat\/"]}]},{"@type":"BreadcrumbList","@id":"https:\/\/soyaustria.com\/de\/home\/soja-als-zutat\/#breadcrumb","itemListElement":[{"@type":"ListItem","position":1,"name":"Startseite","item":"https:\/\/soyaustria.com\/de\/"},{"@type":"ListItem","position":2,"name":"SOY AUSTRIA","item":"https:\/\/soyaustria.com\/de\/"},{"@type":"ListItem","position":3,"name":"SOJA ALS ZUTAT"}]},{"@type":"WebSite","@id":"https:\/\/soyaustria.com\/de\/#website","url":"https:\/\/soyaustria.com\/de\/","name":"Soy Austria\u00ae","description":"Natural Soylutions","publisher":{"@id":"https:\/\/soyaustria.com\/de\/#organization"},"potentialAction":[{"@type":"SearchAction","target":{"@type":"EntryPoint","urlTemplate":"https:\/\/soyaustria.com\/de\/?s={search_term_string}"},"query-input":{"@type":"PropertyValueSpecification","valueRequired":true,"valueName":"search_term_string"}}],"inLanguage":"de"},{"@type":"Organization","@id":"https:\/\/soyaustria.com\/de\/#organization","name":"Soy Austria GmbH","url":"https:\/\/soyaustria.com\/de\/","logo":{"@type":"ImageObject","inLanguage":"de","@id":"https:\/\/soyaustria.com\/de\/#\/schema\/logo\/image\/","url":"https:\/\/soyaustria.com\/wp-content\/uploads\/2018\/08\/apple_touch_icon.png","contentUrl":"https:\/\/soyaustria.com\/wp-content\/uploads\/2018\/08\/apple_touch_icon.png","width":"57","height":"57","caption":"Soy Austria GmbH"},"image":{"@id":"https:\/\/soyaustria.com\/de\/#\/schema\/logo\/image\/"},"sameAs":["https:\/\/www.linkedin.com\/company\/soy-austria-gmbh\/"]}]}},"_links":{"self":[{"href":"https:\/\/soyaustria.com\/de\/wp-json\/wp\/v2\/pages\/8048","targetHints":{"allow":["GET"]}}],"collection":[{"href":"https:\/\/soyaustria.com\/de\/wp-json\/wp\/v2\/pages"}],"about":[{"href":"https:\/\/soyaustria.com\/de\/wp-json\/wp\/v2\/types\/page"}],"author":[{"embeddable":true,"href":"https:\/\/soyaustria.com\/de\/wp-json\/wp\/v2\/users\/4"}],"replies":[{"embeddable":true,"href":"https:\/\/soyaustria.com\/de\/wp-json\/wp\/v2\/comments?post=8048"}],"version-history":[{"count":0,"href":"https:\/\/soyaustria.com\/de\/wp-json\/wp\/v2\/pages\/8048\/revisions"}],"up":[{"embeddable":true,"href":"https:\/\/soyaustria.com\/de\/wp-json\/wp\/v2\/pages\/8042"}],"wp:attachment":[{"href":"https:\/\/soyaustria.com\/de\/wp-json\/wp\/v2\/media?parent=8048"}],"curies":[{"name":"wp","href":"https:\/\/api.w.org\/{rel}","templated":true}]}}