{"id":8046,"date":"2021-02-23T11:52:14","date_gmt":"2021-02-23T10:52:14","guid":{"rendered":"https:\/\/staging.soyaustria.com\/home\/natural-soylutions\/"},"modified":"2021-03-25T13:31:35","modified_gmt":"2021-03-25T12:31:35","slug":"natural-soylutions","status":"publish","type":"page","link":"https:\/\/soyaustria.com\/de\/home\/natural-soylutions\/","title":{"rendered":"NATURAL SOYLUTIONS"},"content":{"rendered":"<p>[et_pb_section fb_built=&#8220;1&#8243; fullwidth=&#8220;on&#8220; disabled_on=&#8220;on|on|on&#8220; _builder_version=&#8220;4.5.3&#8243; _module_preset=&#8220;default&#8220; bottom_divider_style=&#8220;curve&#8220; bottom_divider_color=&#8220;#94C01B&#8220; bottom_divider_height=&#8220;30px&#8220; disabled=&#8220;on&#8220;][et_pb_fullwidth_header button_one_text=&#8220;Contact us&#8220; logo_image_url=&#8220;https:\/\/soyaustria.com\/wp-content\/uploads\/2021\/02\/SOY_Austria_Logo_neg.png&#8220; _builder_version=&#8220;4.9.0&#8243; _module_preset=&#8220;default&#8220; title_font=&#8220;|700|||||||&#8220; title_font_size=&#8220;38px&#8220; background_enable_color=&#8220;off&#8220; use_background_color_gradient=&#8220;on&#8220; background_color_gradient_start=&#8220;rgba(0,0,0,0)&#8220; background_color_gradient_end=&#8220;rgba(0,0,0,0.52)&#8220; background_color_gradient_overlays_image=&#8220;on&#8220; background_image=&#8220;https:\/\/soyaustria.com\/wp-content\/uploads\/2021\/02\/Soylutions.jpg&#8220; min_height=&#8220;400px&#8220; height=&#8220;400px&#8220; max_height=&#8220;400px&#8220; custom_padding=&#8220;140px|||180px|false|false&#8220; border_color_bottom=&#8220;#7cda24&#8243;][\/et_pb_fullwidth_header][\/et_pb_section][et_pb_section fb_built=&#8220;1&#8243; custom_padding_last_edited=&#8220;on|tablet&#8220; _builder_version=&#8220;4.9.0&#8243; _module_preset=&#8220;default&#8220; background_image=&#8220;https:\/\/soyaustria.com\/wp-content\/uploads\/2021\/02\/Soylutions-e1614250463792.jpg&#8220; min_height=&#8220;400px&#8220; height=&#8220;400px&#8220; max_height=&#8220;400px&#8220; custom_padding=&#8220;124px||||false|false&#8220; custom_padding_tablet=&#8220;55px||||false|false&#8220; custom_padding_phone=&#8220;55px||||false|false&#8220; bottom_divider_style=&#8220;curve&#8220; bottom_divider_color=&#8220;#94C01B&#8220; bottom_divider_height=&#8220;30px&#8220; background_last_edited=&#8220;on|phone&#8220; background_size_phone=&#8220;cover&#8220; background_position_phone=&#8220;center&#8220; locked=&#8220;off&#8220; custom_css_main_element_last_edited=&#8220;on|phone&#8220; custom_css_main_element_phone=&#8220;background-position-x: 65%!important;&#8220;][et_pb_row custom_padding_last_edited=&#8220;on|tablet&#8220; _builder_version=&#8220;4.9.0&#8243; _module_preset=&#8220;default&#8220; z_index=&#8220;12&#8243; width=&#8220;100%&#8220; max_width=&#8220;100vw&#8220; custom_margin=&#8220;0px||0px||false|false&#8220; custom_margin_tablet=&#8220;&#8220; custom_margin_phone=&#8220;&#8220; custom_margin_last_edited=&#8220;on|tablet&#8220; custom_padding=&#8220;213px|0px|0px|0px|false|false&#8220; custom_padding_tablet=&#8220;270px|0px|0px|0px|false|false&#8220; custom_padding_phone=&#8220;300px||||false|false&#8220;][et_pb_column type=&#8220;4_4&#8243; _builder_version=&#8220;4.9.0&#8243; _module_preset=&#8220;default&#8220;][et_pb_image src=&#8220;https:\/\/soyaustria.com\/wp-content\/uploads\/2021\/02\/SOY-Austria_seal_re_600.png&#8220; title_text=&#8220;SOY-Austria_seal_re_600&#8243; show_bottom_space=&#8220;off&#8220; align=&#8220;right&#8220; align_tablet=&#8220;right&#8220; align_phone=&#8220;right&#8220; align_last_edited=&#8220;off|desktop&#8220; _builder_version=&#8220;4.9.0&#8243; _module_preset=&#8220;default&#8220; background_enable_color=&#8220;off&#8220; width=&#8220;180px&#8220; max_width=&#8220;33vw&#8220; custom_margin=&#8220;-10px|28vw|||false|false&#8220; custom_margin_tablet=&#8220;|22vw|||false|false&#8220; custom_margin_phone=&#8220;|12vw|||false|false&#8220; custom_margin_last_edited=&#8220;on|tablet&#8220; custom_padding=&#8220;||||false|false&#8220;][\/et_pb_image][\/et_pb_column][\/et_pb_row][\/et_pb_section][et_pb_section fb_built=&#8220;1&#8243; _builder_version=&#8220;4.5.3&#8243; _module_preset=&#8220;default&#8220; custom_padding=&#8220;||11px|||&#8220; top_divider_style=&#8220;curve&#8220; top_divider_color=&#8220;#94C01B&#8220; top_divider_height=&#8220;40px&#8220; top_divider_repeat=&#8220;0x&#8220; bottom_divider_color=&#8220;#94C01B&#8220; bottom_divider_height=&#8220;5px&#8220; bottom_divider_flip=&#8220;vertical&#8220;][et_pb_row _builder_version=&#8220;4.5.3&#8243; _module_preset=&#8220;default&#8220; custom_padding=&#8220;30px||0px||false|false&#8220;][et_pb_column type=&#8220;4_4&#8243; _builder_version=&#8220;4.5.3&#8243; _module_preset=&#8220;default&#8220;][et_pb_text _builder_version=&#8220;4.9.0&#8243; header_font=&#8220;|700||on|||||&#8220; header_text_align=&#8220;center&#8220; hover_enabled=&#8220;0&#8243; sticky_enabled=&#8220;0&#8243;]<\/p>\n<h1 style=\"text-align: center;\">Was macht SOY AUSTRIA\u00ae zu Ihrem \u201eNATURAL <span style=\"color: #94c01b;\">SOY<\/span>LUTION\u201c-PARTNER?<\/h1>\n<p>[\/et_pb_text][\/et_pb_column][\/et_pb_row][et_pb_row _builder_version=&#8220;4.5.3&#8243; custom_padding=&#8220;10px|0px|30px|0px|false|false&#8220;][et_pb_column type=&#8220;4_4&#8243; _builder_version=&#8220;3.25&#8243; custom_padding=&#8220;|||&#8220; custom_padding__hover=&#8220;|||&#8220;][et_pb_blurb image=&#8220;https:\/\/soyaustria.com\/wp-content\/uploads\/2020\/08\/Y.png&#8220; icon_placement=&#8220;left&#8220; _builder_version=&#8220;4.9.2&#8243; _module_preset=&#8220;default&#8220; header_level=&#8220;h3&#8243; body_font_size=&#8220;20px&#8220; custom_margin=&#8220;||1px|||&#8220; custom_padding=&#8220;10px||10px||true|false&#8220;]<\/p>\n<p>\u201c<strong>NATURAL <span style=\"color: #94c01b;\">SOY<\/span>LUTION<\/strong> ist das Herzst\u00fcck unserer Arbeit. Wir helfen und unterst\u00fctzen unsere Kunden dabei, die richtige <strong>NATURAL<\/strong> <strong><span style=\"color: #94c01b;\">SOY<\/span>LUTION<\/strong> f\u00fcr ihre Anwendungen zu finden oder zu entwickeln.\u201c<\/p>\n<p>[\/et_pb_blurb][\/et_pb_column][\/et_pb_row][et_pb_row column_structure=&#8220;1_2,1_2&#8243; use_custom_gutter=&#8220;on&#8220; gutter_width=&#8220;2&#8243; _builder_version=&#8220;4.5.3&#8243; background_size=&#8220;initial&#8220; background_position=&#8220;top_left&#8220; background_repeat=&#8220;repeat&#8220; custom_padding=&#8220;0|0px|30px|0px|false|false&#8220;][et_pb_column type=&#8220;1_2&#8243; _builder_version=&#8220;3.25&#8243; custom_padding=&#8220;|||&#8220; custom_padding__hover=&#8220;|||&#8220;][et_pb_image src=&#8220;https:\/\/soyaustria.com\/wp-content\/uploads\/2021\/02\/Soylutions_04.jpg&#8220; alt=&#8220;Soylutions&#8220; title_text=&#8220;Soylutions&#8220; align_tablet=&#8220;center&#8220; align_phone=&#8220;&#8220; align_last_edited=&#8220;on|desktop&#8220; _builder_version=&#8220;4.9.0&#8243;]&nbsp;<br \/>\n[\/et_pb_image][et_pb_image src=&#8220;https:\/\/soyaustria.com\/wp-content\/uploads\/2021\/02\/Burger_dreamstime.jpg&#8220; alt=&#8220;Soylution&#8220; _builder_version=&#8220;4.9.0&#8243; _module_preset=&#8220;default&#8220; width=&#8220;70%&#8220; custom_margin=&#8220;-4em|||2em|false|false&#8220; animation_style=&#8220;slide&#8220; animation_direction=&#8220;left&#8220;][\/et_pb_image][\/et_pb_column][et_pb_column type=&#8220;1_2&#8243; _builder_version=&#8220;3.25&#8243; custom_padding=&#8220;|||&#8220; custom_padding__hover=&#8220;|||&#8220;][et_pb_text _builder_version=&#8220;4.9.2&#8243; custom_margin=&#8220;-6px|||||&#8220; custom_padding=&#8220;0px|||||&#8220;]<\/p>\n<p>Nachhaltigkeit und nat\u00fcrliche Zutaten sind der Kern unseres Unternehmens. Wenn das auch f\u00fcr Sie wichtig ist, dann ist Soy Austria\u00ae Ihre <strong>NATURAL <span style=\"color: #94c01b;\">SOY<\/span>LUTION.<\/strong><\/p>\n<p>Wer Nachhaltigkeit f\u00fcr sich in Anspruch nimmt, muss nachweisen, dass er so wenig Abfall wie m\u00f6glich produziert und den kleinstm\u00f6glichen CO2-Fu\u00dfabdruck hinterl\u00e4sst.<\/p>\n<p><strong>Bei Soy Austria\u00ae gew\u00e4hrleisten wir Nachhaltigkeit durch:<\/strong><\/p>\n<ul>\n<li>Verwendung aller Teile der Sojabohne und Verarbeitung zu wertvollen, ohne dabei Abfall zu produzieren;<\/li>\n<li>Nutzung von Strom nur aus 100% nachhaltigen Quellen;<\/li>\n<li>Verzicht auf chemische Modifikationen, Zusatzstoffe und Hilfsstoffe;<\/li>\n<li>Reduzierung des Trinkwasserverbrauchs auf ein absolutes Minimum;<\/li>\n<\/ul>\n<p><strong>Kurz gesagt: Wir hinterlassen den geringstm\u00f6glichen CO2-Fu\u00dfabdruck.<\/strong><\/p>\n<p>Wir verwenden keine Chemikalien. Daher belasten wir die Umwelt nicht mit chemischen R\u00fcckst\u00e4nden. Dies ist unser Beitrag zur Erhaltung unserer Erde f\u00fcr kommende Generationen.<\/p>\n<p>Wenn wir <strong>Nachhaltigkeit<\/strong> auf unserer Website in den Vordergrund stellen, ist uns bewusst, dass es keine nachhaltigen Sojaprodukte geben kann, ohne zuvor die Sojabohnen nachhaltig angebaut zu haben. Aus unserer Sicht kann dies nur durch die Verwendung von Bohnen aus der EU erreicht werden, nicht durch das Vorantreiben weiterer Entwaldung. Nach dem Vorbild der Sojabohne selbst nutzen wir anstelle einer intensiven D\u00fcngung nur vorhandene Ressourcen wie den Stickstoff in unserer Luft.<\/p>\n<p>[\/et_pb_text][\/et_pb_column][\/et_pb_row][et_pb_row column_structure=&#8220;1_2,1_2&#8243; use_custom_gutter=&#8220;on&#8220; gutter_width=&#8220;2&#8243; _builder_version=&#8220;4.9.0&#8243; background_size=&#8220;initial&#8220; background_position=&#8220;top_left&#8220; background_repeat=&#8220;repeat&#8220; custom_margin=&#8220;26px|auto||auto||&#8220; custom_margin_tablet=&#8220;0px|auto||auto|false|false&#8220; custom_margin_phone=&#8220;&#8220; custom_margin_last_edited=&#8220;on|phone&#8220; custom_padding=&#8220;0|0px|30px|0px|false|false&#8220;][et_pb_column type=&#8220;1_2&#8243; _builder_version=&#8220;3.25&#8243; custom_padding=&#8220;|||&#8220; custom_padding__hover=&#8220;|||&#8220;][et_pb_text _builder_version=&#8220;4.9.2&#8243; custom_margin=&#8220;-6px|||||&#8220; custom_padding=&#8220;0px|||||&#8220;]<\/p>\n<p>Daher bekennen wir uns voll und ganz zu unserem Anspruch, 100% nat\u00fcrliche Inhaltsstoffe herzustellen, da wir darin unsere Verantwortung gegen\u00fcber unseren Kunden und der gesamten Umwelt sehen.<\/p>\n<p><strong>NATURAL <span style=\"color: #94c01b;\">SOY<\/span>LUTION<\/strong> ist das Herzst\u00fcck unserer Arbeit. Wir helfen und unterst\u00fctzen unsere Kunden dabei, die richtige <strong>NATURAL <span style=\"color: #94c01b;\">SOY<\/span>LUTION<\/strong> f\u00fcr ihre Anwendungen zu finden oder zu entwickeln.<\/p>\n<p>Soy Austria\u00ae schafft Mehrwert f\u00fcr Sie und Ihre individuelle Anwendung, denn wir bieten die optimierte <strong>NATURAL <span style=\"color: #94c01b;\">SOY<\/span>LUTION:<\/strong> Finden Sie das perfekt passende Produkt in unserem umfassenden Portfolio oder entwickeln Sie mit uns zusammen die richtige Zutat, die auf Ihre spezifischen Anwendungsanforderungen zugeschnitten ist.<\/p>\n<p>[\/et_pb_text][\/et_pb_column][et_pb_column type=&#8220;1_2&#8243; _builder_version=&#8220;3.25&#8243; custom_padding=&#8220;|||&#8220; custom_padding__hover=&#8220;|||&#8220;][et_pb_image src=&#8220;https:\/\/soyaustria.com\/wp-content\/uploads\/2021\/02\/Soylutions_04-1.jpg&#8220; alt=&#8220;Soylutions&#8220; title_text=&#8220;Soylutions&#8220; align_tablet=&#8220;center&#8220; align_phone=&#8220;&#8220; align_last_edited=&#8220;on|desktop&#8220; _builder_version=&#8220;4.9.0&#8243;]&nbsp;<br \/>\n[\/et_pb_image][\/et_pb_column][\/et_pb_row][\/et_pb_section]<\/p>\n<span class=\"et_bloom_bottom_trigger\"><\/span>","protected":false},"excerpt":{"rendered":"<p>Was macht SOY AUSTRIA\u00ae zu Ihrem \u201eNATURAL SOYLUTION\u201c-PARTNER?\u201cNATURAL SOYLUTION ist das Herzst\u00fcck unserer Arbeit. Wir helfen und unterst\u00fctzen unsere Kunden dabei, die richtige NATURAL SOYLUTION f\u00fcr ihre Anwendungen zu finden oder zu entwickeln.\u201c&nbsp; Nachhaltigkeit und nat\u00fcrliche Zutaten sind der Kern unseres Unternehmens. Wenn das auch f\u00fcr Sie wichtig ist, dann ist Soy Austria\u00ae Ihre NATURAL [&hellip;]<\/p>\n","protected":false},"author":4,"featured_media":0,"parent":8042,"menu_order":1,"comment_status":"closed","ping_status":"closed","template":"","meta":{"_et_pb_use_builder":"on","_et_pb_old_content":"","_et_gb_content_width":"","footnotes":""},"class_list":["post-8046","page","type-page","status-publish","hentry"],"yoast_head":"<!-- This site is optimized with the Yoast SEO plugin v27.3 - https:\/\/yoast.com\/product\/yoast-seo-wordpress\/ -->\n<title>NATURAL SOYLUTIONS: Warum Soja Ihre L\u00f6sung ist - Soy Austria\u00ae<\/title>\n<meta name=\"description\" content=\"Wir helfen unseren Kunden in der Lebensmittelindustrie, die richtige NATURAL SOYLUTION f\u00fcr ihre Anwendungen zu finden oder zu entwickeln.\" \/>\n<meta name=\"robots\" content=\"index, follow, max-snippet:-1, max-image-preview:large, max-video-preview:-1\" \/>\n<link rel=\"canonical\" href=\"https:\/\/soyaustria.com\/de\/home\/natural-soylutions\/\" \/>\n<meta name=\"twitter:card\" content=\"summary_large_image\" \/>\n<meta name=\"twitter:title\" content=\"NATURAL SOYLUTIONS: Warum Soja Ihre L\u00f6sung ist - Soy Austria\u00ae\" \/>\n<meta name=\"twitter:description\" content=\"Wir helfen unseren Kunden in der Lebensmittelindustrie, die richtige NATURAL SOYLUTION f\u00fcr ihre Anwendungen zu finden oder zu entwickeln.\" \/>\n<meta name=\"twitter:label1\" content=\"Gesch\u00e4tzte Lesezeit\" \/>\n\t<meta name=\"twitter:data1\" content=\"6\u00a0Minuten\" \/>\n<script type=\"application\/ld+json\" class=\"yoast-schema-graph\">{\"@context\":\"https:\\\/\\\/schema.org\",\"@graph\":[{\"@type\":\"WebPage\",\"@id\":\"https:\\\/\\\/soyaustria.com\\\/de\\\/home\\\/natural-soylutions\\\/\",\"url\":\"https:\\\/\\\/soyaustria.com\\\/de\\\/home\\\/natural-soylutions\\\/\",\"name\":\"NATURAL SOYLUTIONS: Warum Soja Ihre L\u00f6sung ist - Soy Austria\u00ae\",\"isPartOf\":{\"@id\":\"https:\\\/\\\/soyaustria.com\\\/de\\\/#website\"},\"datePublished\":\"2021-02-23T10:52:14+00:00\",\"dateModified\":\"2021-03-25T12:31:35+00:00\",\"description\":\"Wir helfen unseren Kunden in der Lebensmittelindustrie, die richtige NATURAL SOYLUTION f\u00fcr ihre Anwendungen zu finden oder zu entwickeln.\",\"breadcrumb\":{\"@id\":\"https:\\\/\\\/soyaustria.com\\\/de\\\/home\\\/natural-soylutions\\\/#breadcrumb\"},\"inLanguage\":\"de\",\"potentialAction\":[{\"@type\":\"ReadAction\",\"target\":[\"https:\\\/\\\/soyaustria.com\\\/de\\\/home\\\/natural-soylutions\\\/\"]}]},{\"@type\":\"BreadcrumbList\",\"@id\":\"https:\\\/\\\/soyaustria.com\\\/de\\\/home\\\/natural-soylutions\\\/#breadcrumb\",\"itemListElement\":[{\"@type\":\"ListItem\",\"position\":1,\"name\":\"Startseite\",\"item\":\"https:\\\/\\\/soyaustria.com\\\/de\\\/\"},{\"@type\":\"ListItem\",\"position\":2,\"name\":\"SOY AUSTRIA\",\"item\":\"https:\\\/\\\/soyaustria.com\\\/de\\\/\"},{\"@type\":\"ListItem\",\"position\":3,\"name\":\"NATURAL SOYLUTIONS\"}]},{\"@type\":\"WebSite\",\"@id\":\"https:\\\/\\\/soyaustria.com\\\/de\\\/#website\",\"url\":\"https:\\\/\\\/soyaustria.com\\\/de\\\/\",\"name\":\"Soy Austria\u00ae\",\"description\":\"Natural Soylutions\",\"publisher\":{\"@id\":\"https:\\\/\\\/soyaustria.com\\\/de\\\/#organization\"},\"potentialAction\":[{\"@type\":\"SearchAction\",\"target\":{\"@type\":\"EntryPoint\",\"urlTemplate\":\"https:\\\/\\\/soyaustria.com\\\/de\\\/?s={search_term_string}\"},\"query-input\":{\"@type\":\"PropertyValueSpecification\",\"valueRequired\":true,\"valueName\":\"search_term_string\"}}],\"inLanguage\":\"de\"},{\"@type\":\"Organization\",\"@id\":\"https:\\\/\\\/soyaustria.com\\\/de\\\/#organization\",\"name\":\"Soy Austria GmbH\",\"url\":\"https:\\\/\\\/soyaustria.com\\\/de\\\/\",\"logo\":{\"@type\":\"ImageObject\",\"inLanguage\":\"de\",\"@id\":\"https:\\\/\\\/soyaustria.com\\\/de\\\/#\\\/schema\\\/logo\\\/image\\\/\",\"url\":\"https:\\\/\\\/soyaustria.com\\\/wp-content\\\/uploads\\\/2018\\\/08\\\/apple_touch_icon.png\",\"contentUrl\":\"https:\\\/\\\/soyaustria.com\\\/wp-content\\\/uploads\\\/2018\\\/08\\\/apple_touch_icon.png\",\"width\":\"57\",\"height\":\"57\",\"caption\":\"Soy Austria GmbH\"},\"image\":{\"@id\":\"https:\\\/\\\/soyaustria.com\\\/de\\\/#\\\/schema\\\/logo\\\/image\\\/\"},\"sameAs\":[\"https:\\\/\\\/www.linkedin.com\\\/company\\\/soy-austria-gmbh\\\/\"]}]}<\/script>\n<!-- \/ Yoast SEO plugin. -->","yoast_head_json":{"title":"NATURAL SOYLUTIONS: Warum Soja Ihre L\u00f6sung ist - Soy Austria\u00ae","description":"Wir helfen unseren Kunden in der Lebensmittelindustrie, die richtige NATURAL SOYLUTION f\u00fcr ihre Anwendungen zu finden oder zu entwickeln.","robots":{"index":"index","follow":"follow","max-snippet":"max-snippet:-1","max-image-preview":"max-image-preview:large","max-video-preview":"max-video-preview:-1"},"canonical":"https:\/\/soyaustria.com\/de\/home\/natural-soylutions\/","twitter_card":"summary_large_image","twitter_title":"NATURAL SOYLUTIONS: Warum Soja Ihre L\u00f6sung ist - Soy Austria\u00ae","twitter_description":"Wir helfen unseren Kunden in der Lebensmittelindustrie, die richtige NATURAL SOYLUTION f\u00fcr ihre Anwendungen zu finden oder zu entwickeln.","twitter_misc":{"Gesch\u00e4tzte Lesezeit":"6\u00a0Minuten"},"schema":{"@context":"https:\/\/schema.org","@graph":[{"@type":"WebPage","@id":"https:\/\/soyaustria.com\/de\/home\/natural-soylutions\/","url":"https:\/\/soyaustria.com\/de\/home\/natural-soylutions\/","name":"NATURAL SOYLUTIONS: Warum Soja Ihre L\u00f6sung ist - Soy Austria\u00ae","isPartOf":{"@id":"https:\/\/soyaustria.com\/de\/#website"},"datePublished":"2021-02-23T10:52:14+00:00","dateModified":"2021-03-25T12:31:35+00:00","description":"Wir helfen unseren Kunden in der Lebensmittelindustrie, die richtige NATURAL SOYLUTION f\u00fcr ihre Anwendungen zu finden oder zu entwickeln.","breadcrumb":{"@id":"https:\/\/soyaustria.com\/de\/home\/natural-soylutions\/#breadcrumb"},"inLanguage":"de","potentialAction":[{"@type":"ReadAction","target":["https:\/\/soyaustria.com\/de\/home\/natural-soylutions\/"]}]},{"@type":"BreadcrumbList","@id":"https:\/\/soyaustria.com\/de\/home\/natural-soylutions\/#breadcrumb","itemListElement":[{"@type":"ListItem","position":1,"name":"Startseite","item":"https:\/\/soyaustria.com\/de\/"},{"@type":"ListItem","position":2,"name":"SOY AUSTRIA","item":"https:\/\/soyaustria.com\/de\/"},{"@type":"ListItem","position":3,"name":"NATURAL SOYLUTIONS"}]},{"@type":"WebSite","@id":"https:\/\/soyaustria.com\/de\/#website","url":"https:\/\/soyaustria.com\/de\/","name":"Soy Austria\u00ae","description":"Natural Soylutions","publisher":{"@id":"https:\/\/soyaustria.com\/de\/#organization"},"potentialAction":[{"@type":"SearchAction","target":{"@type":"EntryPoint","urlTemplate":"https:\/\/soyaustria.com\/de\/?s={search_term_string}"},"query-input":{"@type":"PropertyValueSpecification","valueRequired":true,"valueName":"search_term_string"}}],"inLanguage":"de"},{"@type":"Organization","@id":"https:\/\/soyaustria.com\/de\/#organization","name":"Soy Austria GmbH","url":"https:\/\/soyaustria.com\/de\/","logo":{"@type":"ImageObject","inLanguage":"de","@id":"https:\/\/soyaustria.com\/de\/#\/schema\/logo\/image\/","url":"https:\/\/soyaustria.com\/wp-content\/uploads\/2018\/08\/apple_touch_icon.png","contentUrl":"https:\/\/soyaustria.com\/wp-content\/uploads\/2018\/08\/apple_touch_icon.png","width":"57","height":"57","caption":"Soy Austria GmbH"},"image":{"@id":"https:\/\/soyaustria.com\/de\/#\/schema\/logo\/image\/"},"sameAs":["https:\/\/www.linkedin.com\/company\/soy-austria-gmbh\/"]}]}},"_links":{"self":[{"href":"https:\/\/soyaustria.com\/de\/wp-json\/wp\/v2\/pages\/8046","targetHints":{"allow":["GET"]}}],"collection":[{"href":"https:\/\/soyaustria.com\/de\/wp-json\/wp\/v2\/pages"}],"about":[{"href":"https:\/\/soyaustria.com\/de\/wp-json\/wp\/v2\/types\/page"}],"author":[{"embeddable":true,"href":"https:\/\/soyaustria.com\/de\/wp-json\/wp\/v2\/users\/4"}],"replies":[{"embeddable":true,"href":"https:\/\/soyaustria.com\/de\/wp-json\/wp\/v2\/comments?post=8046"}],"version-history":[{"count":0,"href":"https:\/\/soyaustria.com\/de\/wp-json\/wp\/v2\/pages\/8046\/revisions"}],"up":[{"embeddable":true,"href":"https:\/\/soyaustria.com\/de\/wp-json\/wp\/v2\/pages\/8042"}],"wp:attachment":[{"href":"https:\/\/soyaustria.com\/de\/wp-json\/wp\/v2\/media?parent=8046"}],"curies":[{"name":"wp","href":"https:\/\/api.w.org\/{rel}","templated":true}]}}