{"id":7719,"date":"2021-02-22T12:22:39","date_gmt":"2021-02-22T11:22:39","guid":{"rendered":"https:\/\/staging.soyaustria.com\/soy-beans\/"},"modified":"2023-03-24T11:58:39","modified_gmt":"2023-03-24T10:58:39","slug":"soy-beans","status":"publish","type":"page","link":"https:\/\/soyaustria.com\/de\/soy-beans\/","title":{"rendered":"SOY BEANS"},"content":{"rendered":"<p>[et_pb_section fb_built=&#8220;1&#8243; custom_padding_last_edited=&#8220;on|tablet&#8220; _builder_version=&#8220;4.16&#8243; _module_preset=&#8220;default&#8220; background_image=&#8220;https:\/\/soyaustria.com\/wp-content\/uploads\/2021\/02\/header_slate_SOYBEANS_Halved.jpg&#8220; min_height=&#8220;400px&#8220; height=&#8220;400px&#8220; max_height=&#8220;400px&#8220; custom_padding=&#8220;124px||||false|false&#8220; custom_padding_tablet=&#8220;55px||||false|false&#8220; custom_padding_phone=&#8220;55px||||false|false&#8220; bottom_divider_style=&#8220;curve&#8220; bottom_divider_color=&#8220;#94C01B&#8220; bottom_divider_height=&#8220;30px&#8220; background_last_edited=&#8220;on|phone&#8220; background_size_phone=&#8220;cover&#8220; background_position_phone=&#8220;center&#8220; locked=&#8220;off&#8220; global_colors_info=&#8220;{}&#8220; custom_css_main_element_last_edited=&#8220;on|phone&#8220; custom_css_main_element_phone=&#8220;background-position-x: 65%!important;&#8220;][et_pb_row custom_padding_last_edited=&#8220;on|desktop&#8220; _builder_version=&#8220;4.16&#8243; _module_preset=&#8220;default&#8220; width=&#8220;90%&#8220; width_tablet=&#8220;&#8220; width_phone=&#8220;80%&#8220; width_last_edited=&#8220;on|phone&#8220; max_width=&#8220;90%&#8220; module_alignment=&#8220;center&#8220; custom_padding=&#8220;|||9vw|false|false&#8220; custom_padding_tablet=&#8220;|||10vw|false|false&#8220; custom_padding_phone=&#8220;|5vw||5vw|false|false&#8220; module_alignment_tablet=&#8220;center&#8220; module_alignment_phone=&#8220;center&#8220; module_alignment_last_edited=&#8220;off|tablet&#8220; global_colors_info=&#8220;{}&#8220;][et_pb_column type=&#8220;4_4&#8243; _builder_version=&#8220;4.16&#8243; _module_preset=&#8220;default&#8220; global_colors_info=&#8220;{}&#8220;][et_pb_text module_class=&#8220;nowrap headerNebeneinander&#8220; _builder_version=&#8220;4.16&#8243; _module_preset=&#8220;default&#8220; header_text_color=&#8220;#FFFFFF&#8220; header_font_size=&#8220;56px&#8220; header_2_font=&#8220;|700|||||||&#8220; header_2_text_color=&#8220;#FFFFFF&#8220; custom_margin=&#8220;||20px||false|false&#8220; custom_padding=&#8220;||||false|false&#8220; custom_padding_tablet=&#8220;|22vw|||false|false&#8220; custom_padding_phone=&#8220;|22vw|||false|false&#8220; custom_padding_last_edited=&#8220;on|desktop&#8220; header_font_size_tablet=&#8220;44px&#8220; header_font_size_phone=&#8220;2.2em&#8220; header_font_size_last_edited=&#8220;on|tablet&#8220; header_2_font_size_tablet=&#8220;1.6em&#8220; header_2_font_size_phone=&#8220;&#8220; header_2_font_size_last_edited=&#8220;on|phone&#8220; global_colors_info=&#8220;{}&#8220;]<\/p>\n<h3><img decoding=\"async\" src=\"https:\/\/soyaustria.com\/wp-content\/uploads\/2021\/02\/soybeans.png\" alt=\"\" class=\"wp-image-6528 alignnone size-medium\" height=\"50\" \/><\/h3>\n<h2>Ganze und halbierte Sojabohnen<\/h2>\n<p>[\/et_pb_text][et_pb_button button_url=&#8220;mailto:office@soyaustria.com&#8220; button_text=&#8220;Kontaktieren Sie uns&#8220; _builder_version=&#8220;4.16&#8243; _module_preset=&#8220;default&#8220; custom_button=&#8220;on&#8220; button_text_color=&#8220;#FFFFFF&#8220; custom_margin=&#8220;||||false|false&#8220; custom_margin_tablet=&#8220;&#8220; custom_margin_phone=&#8220;|18vw|||false|false&#8220; custom_margin_last_edited=&#8220;on|phone&#8220; custom_padding_tablet=&#8220;&#8220; custom_padding_phone=&#8220;||||false|false&#8220; custom_padding_last_edited=&#8220;on|phone&#8220; global_colors_info=&#8220;{}&#8220;][\/et_pb_button][\/et_pb_column][\/et_pb_row][et_pb_row _builder_version=&#8220;4.16&#8243; _module_preset=&#8220;default&#8220; z_index=&#8220;12&#8243; width=&#8220;100%&#8220; max_width=&#8220;100vw&#8220; custom_margin=&#8220;0px||0px||false|false&#8220; custom_padding=&#8220;0px|0px|0px|0px|false|false&#8220; global_colors_info=&#8220;{}&#8220;][et_pb_column type=&#8220;4_4&#8243; _builder_version=&#8220;4.16&#8243; _module_preset=&#8220;default&#8220; global_colors_info=&#8220;{}&#8220;][et_pb_image src=&#8220;https:\/\/soyaustria.com\/wp-content\/uploads\/2021\/02\/SOY-Austria_seal_re_600.png&#8220; title_text=&#8220;SOY-Austria_seal_re_600&#8243; show_bottom_space=&#8220;off&#8220; align=&#8220;right&#8220; align_tablet=&#8220;right&#8220; align_phone=&#8220;right&#8220; align_last_edited=&#8220;off|desktop&#8220; _builder_version=&#8220;4.16&#8243; _module_preset=&#8220;default&#8220; background_enable_color=&#8220;off&#8220; width=&#8220;180px&#8220; max_width=&#8220;33vw&#8220; custom_margin=&#8220;-10px|28vw|||false|false&#8220; custom_margin_tablet=&#8220;&#8220; custom_margin_phone=&#8220;|20vw|||false|false&#8220; custom_margin_last_edited=&#8220;on|phone&#8220; custom_padding=&#8220;||||false|false&#8220; global_colors_info=&#8220;{}&#8220;][\/et_pb_image][\/et_pb_column][\/et_pb_row][\/et_pb_section][et_pb_section fb_built=&#8220;1&#8243; _builder_version=&#8220;4.16&#8243; _module_preset=&#8220;default&#8220; custom_padding=&#8220;||30px|||&#8220; top_divider_style=&#8220;curve&#8220; top_divider_color=&#8220;#94C01B&#8220; top_divider_height=&#8220;40px&#8220; top_divider_repeat=&#8220;0x&#8220; bottom_divider_color=&#8220;#94C01B&#8220; bottom_divider_height=&#8220;5px&#8220; bottom_divider_flip=&#8220;vertical&#8220; global_colors_info=&#8220;{}&#8220;][et_pb_row _builder_version=&#8220;4.16&#8243; _module_preset=&#8220;default&#8220; custom_padding=&#8220;3px||3px||true|false&#8220; global_colors_info=&#8220;{}&#8220;][et_pb_column type=&#8220;4_4&#8243; _builder_version=&#8220;4.16&#8243; _module_preset=&#8220;default&#8220; global_colors_info=&#8220;{}&#8220;][et_pb_image src=&#8220;https:\/\/soyaustria.com\/wp-content\/uploads\/2021\/02\/SOYBEANS_circle.png&#8220; alt=&#8220;SOYBEANS&#8220; title_text=&#8220;SOYBEANS&#8220; align=&#8220;center&#8220; _builder_version=&#8220;4.16&#8243; _module_preset=&#8220;default&#8220; global_colors_info=&#8220;{}&#8220;][\/et_pb_image][et_pb_text _builder_version=&#8220;4.16&#8243; text_font=&#8220;||||||||&#8220; header_font=&#8220;||||||||&#8220; header_line_height=&#8220;1.2em&#8220; header_2_font=&#8220;||||||||&#8220; header_3_font=&#8220;Source Sans Pro||||||||&#8220; header_3_text_color=&#8220;#666666&#8243; header_3_line_height=&#8220;1.2em&#8220; header_font_size_phone=&#8220;15px&#8220; header_font_size_last_edited=&#8220;off|desktop&#8220; header_3_font_size_tablet=&#8220;&#8220; header_3_font_size_phone=&#8220;1em&#8220; header_3_font_size_last_edited=&#8220;on|phone&#8220; global_colors_info=&#8220;{}&#8220;]<\/p>\n<p>Unsere <strong>selektierten Qualit\u00e4tsbohnen<\/strong> stammen zu 100% aus der EU, zum Gro\u00dfteil aus \u00d6sterreich. Soy Austria\u00ae w\u00e4hlt jene Bohnen sorgf\u00e4ltig aus, die am besten f\u00fcr die Lebensmittelindustrie geeignet sind.<\/p>\n<p>Dar\u00fcber hinaus liefern wir Sojabohnen in verschiedenen Qualit\u00e4ten, die genau Ihren Anforderungen entsprechen.<\/p>\n<p>[\/et_pb_text][\/et_pb_column][\/et_pb_row][et_pb_row column_structure=&#8220;1_5,1_5,1_5,1_5,1_5&#8243; use_custom_gutter=&#8220;on&#8220; gutter_width=&#8220;2&#8243; _builder_version=&#8220;4.20.2&#8243; _module_preset=&#8220;default&#8220; hover_enabled=&#8220;0&#8243; global_colors_info=&#8220;{}&#8220; sticky_enabled=&#8220;0&#8243;][et_pb_column type=&#8220;1_5&#8243; _builder_version=&#8220;4.16&#8243; _module_preset=&#8220;default&#8220; global_colors_info=&#8220;{}&#8220;][et_pb_image src=&#8220;https:\/\/soyaustria.com\/wp-content\/uploads\/2021\/02\/SOYBEANS_pos.png&#8220; alt=&#8220;SOYBEANS&#8220; title_text=&#8220;SOYBEANS&#8220; url=&#8220;https:\/\/soyaustria.com\/de\/soy-beans\/soybeans-halved\/&#8220; _builder_version=&#8220;4.16&#8243; _module_preset=&#8220;default&#8220; min_height=&#8220;24px&#8220; height=&#8220;24px&#8220; max_height=&#8220;24px&#8220; custom_margin=&#8220;||3px||false|false&#8220; custom_padding=&#8220;||0px||false|false&#8220; global_colors_info=&#8220;{}&#8220;][\/et_pb_image][et_pb_text _builder_version=&#8220;4.16&#8243; _module_preset=&#8220;default&#8220; header_2_font=&#8220;||||||||&#8220; header_2_text_color=&#8220;rgba(86,86,86,0.82)&#8220; global_colors_info=&#8220;{}&#8220;]<\/p>\n<h2>Halved<\/h2>\n<p>Gereinigte, gesch\u00e4lte und halbierte Sojabohnen<br \/>\n<a href=\"https:\/\/soyaustria.com\/de\/soy-beans\/soybeans-halved\/\">Mehr<\/a>[\/et_pb_text][\/et_pb_column][et_pb_column type=&#8220;1_5&#8243; _builder_version=&#8220;4.16&#8243; _module_preset=&#8220;default&#8220; global_colors_info=&#8220;{}&#8220;][et_pb_image src=&#8220;https:\/\/soyaustria.com\/wp-content\/uploads\/2021\/02\/SOYBEANS_pos.png&#8220; alt=&#8220;SOYBEANS&#8220; title_text=&#8220;SOYBEANS&#8220; url=&#8220;https:\/\/soyaustria.com\/de\/soy-beans\/soybeans-whole\/&#8220; _builder_version=&#8220;4.20.2&#8243; _module_preset=&#8220;default&#8220; min_height=&#8220;24px&#8220; height=&#8220;24px&#8220; max_height=&#8220;24px&#8220; custom_margin=&#8220;||3px||false|false&#8220; custom_padding=&#8220;||0px||false|false&#8220; hover_enabled=&#8220;0&#8243; global_colors_info=&#8220;{}&#8220; sticky_enabled=&#8220;0&#8243;][\/et_pb_image][et_pb_text _builder_version=&#8220;4.20.2&#8243; _module_preset=&#8220;default&#8220; header_2_font=&#8220;||||||||&#8220; header_2_text_color=&#8220;rgba(86,86,86,0.82)&#8220; hover_enabled=&#8220;0&#8243; global_colors_info=&#8220;{}&#8220; sticky_enabled=&#8220;0&#8243;]<\/p>\n<h2>Whole<\/h2>\n<p>Gereinigte ganze Sojabohnen<br \/>\n<a href=\"https:\/\/soyaustria.com\/de\/soy-beans\/soybeans-whole\/\">Mehr<\/a>[\/et_pb_text][\/et_pb_column][et_pb_column type=&#8220;1_5&#8243; _builder_version=&#8220;4.20.2&#8243; _module_preset=&#8220;default&#8220; hover_enabled=&#8220;0&#8243; global_colors_info=&#8220;{}&#8220; disabled_on=&#8220;on|on|on&#8220; disabled=&#8220;on&#8220; sticky_enabled=&#8220;0&#8243;][et_pb_image src=&#8220;https:\/\/soyaustria.com\/wp-content\/uploads\/2021\/02\/SOYBEANS_pos.png&#8220; alt=&#8220;SOYBEANS&#8220; title_text=&#8220;SOYBEANS&#8220; url=&#8220;https:\/\/soyaustria.com\/de\/soy-beans\/soybeans-halved-hp\/&#8220; _builder_version=&#8220;4.16&#8243; _module_preset=&#8220;default&#8220; min_height=&#8220;24px&#8220; height=&#8220;24px&#8220; max_height=&#8220;24px&#8220; custom_margin=&#8220;||3px||false|false&#8220; custom_padding=&#8220;||0px||false|false&#8220; global_colors_info=&#8220;{}&#8220;][\/et_pb_image][et_pb_text _builder_version=&#8220;4.16&#8243; _module_preset=&#8220;default&#8220; header_2_font=&#8220;||||||||&#8220; header_2_text_color=&#8220;rgba(86,86,86,0.82)&#8220; global_colors_info=&#8220;{}&#8220;]<\/p>\n<h2>Halved HP<\/h2>\n<p>Gereinigte, gesch\u00e4lte und halbierte proteinreiche Sojabohnen<br \/>\n<a href=\"https:\/\/soyaustria.com\/de\/soy-beans\/soybeans-halved-hp\/\">Mehr<\/a>[\/et_pb_text][\/et_pb_column][et_pb_column type=&#8220;1_5&#8243; _builder_version=&#8220;4.20.2&#8243; _module_preset=&#8220;default&#8220; hover_enabled=&#8220;0&#8243; global_colors_info=&#8220;{}&#8220; disabled_on=&#8220;on|on|on&#8220; disabled=&#8220;on&#8220; sticky_enabled=&#8220;0&#8243;][et_pb_image src=&#8220;https:\/\/soyaustria.com\/wp-content\/uploads\/2021\/02\/SOYBEANS_pos.png&#8220; alt=&#8220;SOYBEANS&#8220; title_text=&#8220;SOYBEANS&#8220; url=&#8220;https:\/\/soyaustria.com\/de\/soy-beans\/soybeans-selected\/&#8220; _builder_version=&#8220;4.16&#8243; _module_preset=&#8220;default&#8220; min_height=&#8220;24px&#8220; height=&#8220;24px&#8220; max_height=&#8220;24px&#8220; custom_margin=&#8220;||3px||false|false&#8220; custom_padding=&#8220;||0px||false|false&#8220; global_colors_info=&#8220;{}&#8220;][\/et_pb_image][et_pb_text _builder_version=&#8220;4.16&#8243; _module_preset=&#8220;default&#8220; header_2_font=&#8220;||||||||&#8220; header_2_text_color=&#8220;rgba(86,86,86,0.82)&#8220; global_colors_info=&#8220;{}&#8220;]<\/p>\n<h2>Selected<\/h2>\n<p>Gereinigte ganze Sortex\u00ae-selektierte Premium-Sojabohnen<br \/> <a href=\"https:\/\/soyaustria.com\/de\/soy-beans\/soybeans-selected\/\">Mehr<\/a><\/p>\n<p>[\/et_pb_text][\/et_pb_column][et_pb_column type=&#8220;1_5&#8243; _builder_version=&#8220;4.16&#8243; _module_preset=&#8220;default&#8220; global_colors_info=&#8220;{}&#8220;][\/et_pb_column][\/et_pb_row][\/et_pb_section][et_pb_section fb_built=&#8220;1&#8243; _builder_version=&#8220;4.16&#8243; _module_preset=&#8220;default&#8220; background_image=&#8220;https:\/\/soyaustria.com\/wp-content\/uploads\/2018\/07\/Headerbild_SojaAustria_Bio-e1614163917816.jpg&#8220; parallax=&#8220;on&#8220; parallax_method=&#8220;off&#8220; min_height_tablet=&#8220;&#8220; min_height_phone=&#8220;300px&#8220; min_height_last_edited=&#8220;on|phone&#8220; height_tablet=&#8220;&#8220; height_phone=&#8220;300px&#8220; height_last_edited=&#8220;on|phone&#8220; max_height_tablet=&#8220;&#8220; max_height_phone=&#8220;300px&#8220; max_height_last_edited=&#8220;on|phone&#8220; custom_margin=&#8220;35px|||||&#8220; custom_margin_tablet=&#8220;&#8220; custom_margin_phone=&#8220;&#8220; custom_margin_last_edited=&#8220;on|phone&#8220; custom_padding=&#8220;0px||0px||true|false&#8220; background_last_edited=&#8220;on|phone&#8220; global_module=&#8220;7676&#8243; saved_tabs=&#8220;all&#8220; global_colors_info=&#8220;{}&#8220;][et_pb_row use_custom_gutter=&#8220;on&#8220; gutter_width=&#8220;1&#8243; custom_padding_last_edited=&#8220;on|phone&#8220; _builder_version=&#8220;4.16&#8243; _module_preset=&#8220;default&#8220; background_enable_color=&#8220;off&#8220; width=&#8220;60%&#8220; width_tablet=&#8220;100%&#8220; width_phone=&#8220;100%&#8220; width_last_edited=&#8220;on|tablet&#8220; custom_margin=&#8220;||||false|true&#8220; custom_margin_tablet=&#8220;&#8220; custom_margin_phone=&#8220;||||true|true&#8220; custom_margin_last_edited=&#8220;on|phone&#8220; custom_padding=&#8220;100px|100px|100px|100px|true|true&#8220; custom_padding_tablet=&#8220;50px|20px|50px|20px|true|true&#8220; custom_padding_phone=&#8220;90px|20px|90px|20px|true|true&#8220; global_colors_info=&#8220;{}&#8220;][et_pb_column type=&#8220;4_4&#8243; _builder_version=&#8220;4.16&#8243; _module_preset=&#8220;default&#8220; global_colors_info=&#8220;{}&#8220;][et_pb_blurb use_icon=&#8220;on&#8220; font_icon=&#8220;&#xe03a;||divi||400&#8243; icon_color=&#8220;#94C01B&#8220; icon_placement=&#8220;left&#8220; image_icon_width=&#8220;30px&#8220; content_max_width_tablet=&#8220;&#8220; content_max_width_phone=&#8220;&#8220; content_max_width_last_edited=&#8220;on|phone&#8220; module_class=&#8220;nowrap&#8220; _builder_version=&#8220;4.17.3&#8243; _module_preset=&#8220;default&#8220; background_color=&#8220;rgba(255,255,255,0.91)&#8220; width=&#8220;30vw&#8220; width_tablet=&#8220;80%&#8220; width_phone=&#8220;&#8220; width_last_edited=&#8220;on|phone&#8220; max_width=&#8220;30vw&#8220; max_width_tablet=&#8220;80%&#8220; max_width_phone=&#8220;&#8220; max_width_last_edited=&#8220;on|tablet&#8220; module_alignment=&#8220;center&#8220; custom_margin_tablet=&#8220;30px||30px||true|false&#8220; custom_margin_phone=&#8220;20px||20px||true|true&#8220; custom_margin_last_edited=&#8220;on|tablet&#8220; custom_padding=&#8220;30px|30px|30px|30px|true|true&#8220; custom_padding_tablet=&#8220;&#8220; custom_padding_phone=&#8220;20px|20px|20px|20px|true|true&#8220; custom_padding_last_edited=&#8220;on|phone&#8220; link_option_url=&#8220;https:\/\/soyaustria.com\/wp-content\/uploads\/2022\/05\/SoyAustria_Product_Folder_FullFat_Beans.pdf&#8220; link_option_url_new_window=&#8220;on&#8220; icon_font_size=&#8220;30px&#8220; global_colors_info=&#8220;{}&#8220;]<\/p>\n<p style=\"text-align: left;\">Download unseres <strong><span style=\"color: #94c01b;\">SOY<\/span>FULLFAT-<\/strong> und <strong><span style=\"color: #94c01b;\">SOY<\/span>BEANS-<\/strong>Folders (engl.)<\/p>\n<p>[\/et_pb_blurb][\/et_pb_column][\/et_pb_row][\/et_pb_section]<\/p>\n<span class=\"et_bloom_bottom_trigger\"><\/span>","protected":false},"excerpt":{"rendered":"<p>Ganze und halbierte SojabohnenUnsere selektierten Qualit\u00e4tsbohnen stammen zu 100% aus der EU, zum Gro\u00dfteil aus \u00d6sterreich. Soy Austria\u00ae w\u00e4hlt jene Bohnen sorgf\u00e4ltig aus, die am besten f\u00fcr die Lebensmittelindustrie geeignet sind. Dar\u00fcber hinaus liefern wir Sojabohnen in verschiedenen Qualit\u00e4ten, die genau Ihren Anforderungen entsprechen.Halved Gereinigte, gesch\u00e4lte und halbierte Sojabohnen MehrWhole Gereinigte ganze Sojabohnen MehrHalved HP [&hellip;]<\/p>\n","protected":false},"author":4,"featured_media":0,"parent":0,"menu_order":15,"comment_status":"closed","ping_status":"closed","template":"","meta":{"_et_pb_use_builder":"on","_et_pb_old_content":"","_et_gb_content_width":"","footnotes":""},"class_list":["post-7719","page","type-page","status-publish","hentry"],"yoast_head":"<!-- This site is optimized with the Yoast SEO plugin v27.3 - https:\/\/yoast.com\/product\/yoast-seo-wordpress\/ -->\n<title>SOY BEANS: Selektierte Qualit\u00e4ts-Sojabohnen aus der EU - Soy Austria\u00ae<\/title>\n<meta name=\"description\" content=\"Gentechnikfreie gereinigte ganze und halbierte Sojabohnen, auch biologisch. Proteinreich und ideal f\u00fcr die Herstellung von Sojamlich und Tofu.\" \/>\n<meta name=\"robots\" content=\"index, follow, max-snippet:-1, max-image-preview:large, max-video-preview:-1\" \/>\n<link rel=\"canonical\" href=\"https:\/\/soyaustria.com\/de\/soy-beans\/\" \/>\n<meta name=\"twitter:card\" content=\"summary_large_image\" \/>\n<meta name=\"twitter:title\" content=\"SOY BEANS: Selektierte Qualit\u00e4ts-Sojabohnen aus der EU - Soy Austria\u00ae\" \/>\n<meta name=\"twitter:description\" content=\"Gentechnikfreie gereinigte ganze und halbierte Sojabohnen, auch biologisch. Proteinreich und ideal f\u00fcr die Herstellung von Sojamlich und Tofu.\" \/>\n<meta name=\"twitter:image\" content=\"https:\/\/soyaustria.com\/wp-content\/uploads\/2021\/02\/soybeans.png\" \/>\n<meta name=\"twitter:label1\" content=\"Gesch\u00e4tzte Lesezeit\" \/>\n\t<meta name=\"twitter:data1\" content=\"3\u00a0Minuten\" \/>\n<script type=\"application\/ld+json\" class=\"yoast-schema-graph\">{\"@context\":\"https:\\\/\\\/schema.org\",\"@graph\":[{\"@type\":\"WebPage\",\"@id\":\"https:\\\/\\\/soyaustria.com\\\/de\\\/soy-beans\\\/\",\"url\":\"https:\\\/\\\/soyaustria.com\\\/de\\\/soy-beans\\\/\",\"name\":\"SOY BEANS: Selektierte Qualit\u00e4ts-Sojabohnen aus der EU - Soy Austria\u00ae\",\"isPartOf\":{\"@id\":\"https:\\\/\\\/soyaustria.com\\\/de\\\/#website\"},\"primaryImageOfPage\":{\"@id\":\"https:\\\/\\\/soyaustria.com\\\/de\\\/soy-beans\\\/#primaryimage\"},\"image\":{\"@id\":\"https:\\\/\\\/soyaustria.com\\\/de\\\/soy-beans\\\/#primaryimage\"},\"thumbnailUrl\":\"https:\\\/\\\/soyaustria.com\\\/wp-content\\\/uploads\\\/2021\\\/02\\\/soybeans.png\",\"datePublished\":\"2021-02-22T11:22:39+00:00\",\"dateModified\":\"2023-03-24T10:58:39+00:00\",\"description\":\"Gentechnikfreie gereinigte ganze und halbierte Sojabohnen, auch biologisch. Proteinreich und ideal f\u00fcr die Herstellung von Sojamlich und Tofu.\",\"breadcrumb\":{\"@id\":\"https:\\\/\\\/soyaustria.com\\\/de\\\/soy-beans\\\/#breadcrumb\"},\"inLanguage\":\"de\",\"potentialAction\":[{\"@type\":\"ReadAction\",\"target\":[\"https:\\\/\\\/soyaustria.com\\\/de\\\/soy-beans\\\/\"]}]},{\"@type\":\"ImageObject\",\"inLanguage\":\"de\",\"@id\":\"https:\\\/\\\/soyaustria.com\\\/de\\\/soy-beans\\\/#primaryimage\",\"url\":\"https:\\\/\\\/soyaustria.com\\\/wp-content\\\/uploads\\\/2021\\\/02\\\/soybeans.png\",\"contentUrl\":\"https:\\\/\\\/soyaustria.com\\\/wp-content\\\/uploads\\\/2021\\\/02\\\/soybeans.png\"},{\"@type\":\"BreadcrumbList\",\"@id\":\"https:\\\/\\\/soyaustria.com\\\/de\\\/soy-beans\\\/#breadcrumb\",\"itemListElement\":[{\"@type\":\"ListItem\",\"position\":1,\"name\":\"Startseite\",\"item\":\"https:\\\/\\\/soyaustria.com\\\/de\\\/\"},{\"@type\":\"ListItem\",\"position\":2,\"name\":\"SOY BEANS\"}]},{\"@type\":\"WebSite\",\"@id\":\"https:\\\/\\\/soyaustria.com\\\/de\\\/#website\",\"url\":\"https:\\\/\\\/soyaustria.com\\\/de\\\/\",\"name\":\"Soy Austria\u00ae\",\"description\":\"Natural Soylutions\",\"publisher\":{\"@id\":\"https:\\\/\\\/soyaustria.com\\\/de\\\/#organization\"},\"potentialAction\":[{\"@type\":\"SearchAction\",\"target\":{\"@type\":\"EntryPoint\",\"urlTemplate\":\"https:\\\/\\\/soyaustria.com\\\/de\\\/?s={search_term_string}\"},\"query-input\":{\"@type\":\"PropertyValueSpecification\",\"valueRequired\":true,\"valueName\":\"search_term_string\"}}],\"inLanguage\":\"de\"},{\"@type\":\"Organization\",\"@id\":\"https:\\\/\\\/soyaustria.com\\\/de\\\/#organization\",\"name\":\"Soy Austria GmbH\",\"url\":\"https:\\\/\\\/soyaustria.com\\\/de\\\/\",\"logo\":{\"@type\":\"ImageObject\",\"inLanguage\":\"de\",\"@id\":\"https:\\\/\\\/soyaustria.com\\\/de\\\/#\\\/schema\\\/logo\\\/image\\\/\",\"url\":\"https:\\\/\\\/soyaustria.com\\\/wp-content\\\/uploads\\\/2018\\\/08\\\/apple_touch_icon.png\",\"contentUrl\":\"https:\\\/\\\/soyaustria.com\\\/wp-content\\\/uploads\\\/2018\\\/08\\\/apple_touch_icon.png\",\"width\":\"57\",\"height\":\"57\",\"caption\":\"Soy Austria GmbH\"},\"image\":{\"@id\":\"https:\\\/\\\/soyaustria.com\\\/de\\\/#\\\/schema\\\/logo\\\/image\\\/\"},\"sameAs\":[\"https:\\\/\\\/www.linkedin.com\\\/company\\\/soy-austria-gmbh\\\/\"]}]}<\/script>\n<!-- \/ Yoast SEO plugin. -->","yoast_head_json":{"title":"SOY BEANS: Selektierte Qualit\u00e4ts-Sojabohnen aus der EU - Soy Austria\u00ae","description":"Gentechnikfreie gereinigte ganze und halbierte Sojabohnen, auch biologisch. Proteinreich und ideal f\u00fcr die Herstellung von Sojamlich und Tofu.","robots":{"index":"index","follow":"follow","max-snippet":"max-snippet:-1","max-image-preview":"max-image-preview:large","max-video-preview":"max-video-preview:-1"},"canonical":"https:\/\/soyaustria.com\/de\/soy-beans\/","twitter_card":"summary_large_image","twitter_title":"SOY BEANS: Selektierte Qualit\u00e4ts-Sojabohnen aus der EU - Soy Austria\u00ae","twitter_description":"Gentechnikfreie gereinigte ganze und halbierte Sojabohnen, auch biologisch. Proteinreich und ideal f\u00fcr die Herstellung von Sojamlich und Tofu.","twitter_image":"https:\/\/soyaustria.com\/wp-content\/uploads\/2021\/02\/soybeans.png","twitter_misc":{"Gesch\u00e4tzte Lesezeit":"3\u00a0Minuten"},"schema":{"@context":"https:\/\/schema.org","@graph":[{"@type":"WebPage","@id":"https:\/\/soyaustria.com\/de\/soy-beans\/","url":"https:\/\/soyaustria.com\/de\/soy-beans\/","name":"SOY BEANS: Selektierte Qualit\u00e4ts-Sojabohnen aus der EU - Soy Austria\u00ae","isPartOf":{"@id":"https:\/\/soyaustria.com\/de\/#website"},"primaryImageOfPage":{"@id":"https:\/\/soyaustria.com\/de\/soy-beans\/#primaryimage"},"image":{"@id":"https:\/\/soyaustria.com\/de\/soy-beans\/#primaryimage"},"thumbnailUrl":"https:\/\/soyaustria.com\/wp-content\/uploads\/2021\/02\/soybeans.png","datePublished":"2021-02-22T11:22:39+00:00","dateModified":"2023-03-24T10:58:39+00:00","description":"Gentechnikfreie gereinigte ganze und halbierte Sojabohnen, auch biologisch. Proteinreich und ideal f\u00fcr die Herstellung von Sojamlich und Tofu.","breadcrumb":{"@id":"https:\/\/soyaustria.com\/de\/soy-beans\/#breadcrumb"},"inLanguage":"de","potentialAction":[{"@type":"ReadAction","target":["https:\/\/soyaustria.com\/de\/soy-beans\/"]}]},{"@type":"ImageObject","inLanguage":"de","@id":"https:\/\/soyaustria.com\/de\/soy-beans\/#primaryimage","url":"https:\/\/soyaustria.com\/wp-content\/uploads\/2021\/02\/soybeans.png","contentUrl":"https:\/\/soyaustria.com\/wp-content\/uploads\/2021\/02\/soybeans.png"},{"@type":"BreadcrumbList","@id":"https:\/\/soyaustria.com\/de\/soy-beans\/#breadcrumb","itemListElement":[{"@type":"ListItem","position":1,"name":"Startseite","item":"https:\/\/soyaustria.com\/de\/"},{"@type":"ListItem","position":2,"name":"SOY BEANS"}]},{"@type":"WebSite","@id":"https:\/\/soyaustria.com\/de\/#website","url":"https:\/\/soyaustria.com\/de\/","name":"Soy Austria\u00ae","description":"Natural Soylutions","publisher":{"@id":"https:\/\/soyaustria.com\/de\/#organization"},"potentialAction":[{"@type":"SearchAction","target":{"@type":"EntryPoint","urlTemplate":"https:\/\/soyaustria.com\/de\/?s={search_term_string}"},"query-input":{"@type":"PropertyValueSpecification","valueRequired":true,"valueName":"search_term_string"}}],"inLanguage":"de"},{"@type":"Organization","@id":"https:\/\/soyaustria.com\/de\/#organization","name":"Soy Austria GmbH","url":"https:\/\/soyaustria.com\/de\/","logo":{"@type":"ImageObject","inLanguage":"de","@id":"https:\/\/soyaustria.com\/de\/#\/schema\/logo\/image\/","url":"https:\/\/soyaustria.com\/wp-content\/uploads\/2018\/08\/apple_touch_icon.png","contentUrl":"https:\/\/soyaustria.com\/wp-content\/uploads\/2018\/08\/apple_touch_icon.png","width":"57","height":"57","caption":"Soy Austria GmbH"},"image":{"@id":"https:\/\/soyaustria.com\/de\/#\/schema\/logo\/image\/"},"sameAs":["https:\/\/www.linkedin.com\/company\/soy-austria-gmbh\/"]}]}},"_links":{"self":[{"href":"https:\/\/soyaustria.com\/de\/wp-json\/wp\/v2\/pages\/7719","targetHints":{"allow":["GET"]}}],"collection":[{"href":"https:\/\/soyaustria.com\/de\/wp-json\/wp\/v2\/pages"}],"about":[{"href":"https:\/\/soyaustria.com\/de\/wp-json\/wp\/v2\/types\/page"}],"author":[{"embeddable":true,"href":"https:\/\/soyaustria.com\/de\/wp-json\/wp\/v2\/users\/4"}],"replies":[{"embeddable":true,"href":"https:\/\/soyaustria.com\/de\/wp-json\/wp\/v2\/comments?post=7719"}],"version-history":[{"count":1,"href":"https:\/\/soyaustria.com\/de\/wp-json\/wp\/v2\/pages\/7719\/revisions"}],"predecessor-version":[{"id":10350,"href":"https:\/\/soyaustria.com\/de\/wp-json\/wp\/v2\/pages\/7719\/revisions\/10350"}],"wp:attachment":[{"href":"https:\/\/soyaustria.com\/de\/wp-json\/wp\/v2\/media?parent=7719"}],"curies":[{"name":"wp","href":"https:\/\/api.w.org\/{rel}","templated":true}]}}