{"id":1659,"date":"2018-08-16T11:42:00","date_gmt":"2018-08-16T11:42:00","guid":{"rendered":"https:\/\/staging.soja.at\/?page_id=1659"},"modified":"2018-09-11T11:52:30","modified_gmt":"2018-09-11T09:52:30","slug":"datenschutzhinweis-kunden","status":"publish","type":"page","link":"https:\/\/soyaustria.com\/de\/datenschutzhinweis-kunden\/","title":{"rendered":"Datenschutzhinweis Kunden"},"content":{"rendered":"<p>[et_pb_section fb_built=&#8220;1&#8243; _builder_version=&#8220;3.0.47&#8243;][et_pb_row _builder_version=&#8220;3.0.47&#8243; background_size=&#8220;initial&#8220; background_position=&#8220;top_left&#8220; background_repeat=&#8220;repeat&#8220;][et_pb_column type=&#8220;4_4&#8243; _builder_version=&#8220;3.0.47&#8243; parallax=&#8220;off&#8220; parallax_method=&#8220;on&#8220;][et_pb_text _builder_version=&#8220;3.1.1&#8243; header_font=&#8220;||||||||&#8220;]<\/p>\n<h1>Datenschutzhinweis f\u00fcr Kunden<\/h1>\n<p>(Unsere Datenschutzerkl\u00e4rung f\u00fcr Website-Besucher finden Sie <a href=\"https:\/\/soyaustria.com\/\/de\/datenschutzerklaerung\">hier<\/a>.)<\/p>\n<p>Die von Ihnen bereitgestellten Daten sind zur Vertragserf\u00fcllung erforderlich. Ohne diese Daten k\u00f6nnen wir den Vertrag mit Ihnen nicht abschlie\u00dfen und ausf\u00fchren.<\/p>\n<p>Zur Vertragserf\u00fcllung kann es notwendig sein, dass wir Ihre Daten an Empf\u00e4nger innerhalb und au\u00dferhalb der EU\/des EWR (z.B. Zustellunternehmen) weitergeben. Bei einer Datenverarbeitung au\u00dferhalb der EU\/des EWR ergibt sich das gew\u00e4hrleistete Schutzniveau aus einer der in Art 45 bis Art 47 DSGVO genannten Bestimmungen.<\/p>\n<p>Zur Vertragserf\u00fcllung kann es in bestimmten F\u00e4llen notwendig sein, dass Ihre Daten in einem Drittstaat ohne gew\u00e4hrleistetes Schutzniveau verarbeitet werden.<\/p>\n<p>Wir m\u00fcssen Ihre Daten aufgrund gesetzlicher Verpflichtungen (Rechnungswesen, Steuer- und Zollrecht) verarbeiten.<\/p>\n<p>Wir speichern Ihre Daten, solange dieser Vertrag bzw. gesetzliche Aufbewahrungsfristen bestehen.<\/p>\n<p>F\u00fcr diese Datenverarbeitung ziehen wir unter Umst\u00e4nden Auftragsverarbeiter, die wir zu entsprechenden Datenschutzma\u00dfnahmen vertraglich verpflichtet haben, heran.<\/p>\n<p>Ihnen stehen grunds\u00e4tzlich die Rechte auf Auskunft, Berichtigung, L\u00f6schung, Einschr\u00e4nkung, Daten\u00fcbertragbarkeit und Widerspruch zu. Daf\u00fcr wenden Sie sich an uns. Wenn Sie glauben, dass die Verarbeitung Ihrer Daten gegen das Datenschutzrecht verst\u00f6\u00dft oder Ihre datenschutzrechtlichen Anspr\u00fcche sonst in einer Weise verletzt worden sind, k\u00f6nnen Sie sich bei der Aufsichtsbeh\u00f6rde beschweren. In \u00d6sterreich ist die\u00a0Datenschutzbeh\u00f6rde\u00a0zust\u00e4ndig.<\/p>\n<p>Mit dem Erhalt dieses Vertrages erteilen Sie (gem. DSGVO Art 49 Abs 1 lit a) ausdr\u00fccklich die Zustimmung zu Datenverarbeitungen und Daten\u00fcbermittlungen \u2013 sofern dies zur Vertragserf\u00fcllung notwendig ist \u2013 in Drittstaaten, die die in der EU und in \u00d6sterreich geltenden Datenschutzstandards unter Umst\u00e4nden nicht erf\u00fcllen. Ihnen ist bewusst, dass damit Risiko verbunden ist, dass die personenbezogenen Daten unter Verletzung der in \u00d6sterreich und der EU geltenden Datenschutzrechtstandards auch von unbekannten Dritten erfasst werden k\u00f6nnen und dass insbesondere Ihre Betroffenenrechte nicht gewahrt werden k\u00f6nnen, die zul\u00e4ssige Verarbeitungs- und Speicherdauer \u00fcberschritten werden k\u00f6nnte und Soja Austria das nicht verhindern kann.<\/p>\n<p>[\/et_pb_text][\/et_pb_column][\/et_pb_row][\/et_pb_section]<\/p>\n<span class=\"et_bloom_bottom_trigger\"><\/span>","protected":false},"excerpt":{"rendered":"<p>Datenschutzhinweis f\u00fcr Kunden (Unsere Datenschutzerkl\u00e4rung f\u00fcr Website-Besucher finden Sie hier.) Die von Ihnen bereitgestellten Daten sind zur Vertragserf\u00fcllung erforderlich. Ohne diese Daten k\u00f6nnen wir den Vertrag mit Ihnen nicht abschlie\u00dfen und ausf\u00fchren. Zur Vertragserf\u00fcllung kann es notwendig sein, dass wir Ihre Daten an Empf\u00e4nger innerhalb und au\u00dferhalb der EU\/des EWR (z.B. Zustellunternehmen) weitergeben. Bei einer [&hellip;]<\/p>\n","protected":false},"author":4,"featured_media":0,"parent":0,"menu_order":6,"comment_status":"closed","ping_status":"closed","template":"","meta":{"_et_pb_use_builder":"on","_et_pb_old_content":"","_et_gb_content_width":"","footnotes":""},"class_list":["post-1659","page","type-page","status-publish","hentry"],"yoast_head":"<!-- This site is optimized with the Yoast SEO plugin v27.3 - https:\/\/yoast.com\/product\/yoast-seo-wordpress\/ -->\n<title>Datenschutzhinweis Kunden - Soy Austria\u00ae<\/title>\n<meta name=\"robots\" content=\"index, follow, max-snippet:-1, max-image-preview:large, max-video-preview:-1\" \/>\n<link rel=\"canonical\" href=\"https:\/\/soyaustria.com\/de\/datenschutzhinweis-kunden\/\" \/>\n<meta name=\"twitter:card\" content=\"summary_large_image\" \/>\n<meta name=\"twitter:title\" content=\"Datenschutzhinweis Kunden - Soy Austria\u00ae\" \/>\n<meta name=\"twitter:description\" content=\"Datenschutzhinweis f\u00fcr Kunden (Unsere Datenschutzerkl\u00e4rung f\u00fcr Website-Besucher finden Sie hier.) Die von Ihnen bereitgestellten Daten sind zur Vertragserf\u00fcllung erforderlich. Ohne diese Daten k\u00f6nnen wir den Vertrag mit Ihnen nicht abschlie\u00dfen und ausf\u00fchren. Zur Vertragserf\u00fcllung kann es notwendig sein, dass wir Ihre Daten an Empf\u00e4nger innerhalb und au\u00dferhalb der EU\/des EWR (z.B. Zustellunternehmen) weitergeben. Bei einer [&hellip;]\" \/>\n<meta name=\"twitter:label1\" content=\"Gesch\u00e4tzte Lesezeit\" \/>\n\t<meta name=\"twitter:data1\" content=\"2\u00a0Minuten\" \/>\n<script type=\"application\/ld+json\" class=\"yoast-schema-graph\">{\"@context\":\"https:\\\/\\\/schema.org\",\"@graph\":[{\"@type\":\"WebPage\",\"@id\":\"https:\\\/\\\/soyaustria.com\\\/de\\\/datenschutzhinweis-kunden\\\/\",\"url\":\"https:\\\/\\\/soyaustria.com\\\/de\\\/datenschutzhinweis-kunden\\\/\",\"name\":\"Datenschutzhinweis Kunden - Soy Austria\u00ae\",\"isPartOf\":{\"@id\":\"https:\\\/\\\/soyaustria.com\\\/de\\\/#website\"},\"datePublished\":\"2018-08-16T11:42:00+00:00\",\"dateModified\":\"2018-09-11T09:52:30+00:00\",\"breadcrumb\":{\"@id\":\"https:\\\/\\\/soyaustria.com\\\/de\\\/datenschutzhinweis-kunden\\\/#breadcrumb\"},\"inLanguage\":\"de\",\"potentialAction\":[{\"@type\":\"ReadAction\",\"target\":[\"https:\\\/\\\/soyaustria.com\\\/de\\\/datenschutzhinweis-kunden\\\/\"]}]},{\"@type\":\"BreadcrumbList\",\"@id\":\"https:\\\/\\\/soyaustria.com\\\/de\\\/datenschutzhinweis-kunden\\\/#breadcrumb\",\"itemListElement\":[{\"@type\":\"ListItem\",\"position\":1,\"name\":\"Startseite\",\"item\":\"https:\\\/\\\/soyaustria.com\\\/de\\\/\"},{\"@type\":\"ListItem\",\"position\":2,\"name\":\"Datenschutzhinweis Kunden\"}]},{\"@type\":\"WebSite\",\"@id\":\"https:\\\/\\\/soyaustria.com\\\/de\\\/#website\",\"url\":\"https:\\\/\\\/soyaustria.com\\\/de\\\/\",\"name\":\"Soy Austria\u00ae\",\"description\":\"Natural Soylutions\",\"publisher\":{\"@id\":\"https:\\\/\\\/soyaustria.com\\\/de\\\/#organization\"},\"potentialAction\":[{\"@type\":\"SearchAction\",\"target\":{\"@type\":\"EntryPoint\",\"urlTemplate\":\"https:\\\/\\\/soyaustria.com\\\/de\\\/?s={search_term_string}\"},\"query-input\":{\"@type\":\"PropertyValueSpecification\",\"valueRequired\":true,\"valueName\":\"search_term_string\"}}],\"inLanguage\":\"de\"},{\"@type\":\"Organization\",\"@id\":\"https:\\\/\\\/soyaustria.com\\\/de\\\/#organization\",\"name\":\"Soy Austria GmbH\",\"url\":\"https:\\\/\\\/soyaustria.com\\\/de\\\/\",\"logo\":{\"@type\":\"ImageObject\",\"inLanguage\":\"de\",\"@id\":\"https:\\\/\\\/soyaustria.com\\\/de\\\/#\\\/schema\\\/logo\\\/image\\\/\",\"url\":\"https:\\\/\\\/soyaustria.com\\\/wp-content\\\/uploads\\\/2018\\\/08\\\/apple_touch_icon.png\",\"contentUrl\":\"https:\\\/\\\/soyaustria.com\\\/wp-content\\\/uploads\\\/2018\\\/08\\\/apple_touch_icon.png\",\"width\":\"57\",\"height\":\"57\",\"caption\":\"Soy Austria GmbH\"},\"image\":{\"@id\":\"https:\\\/\\\/soyaustria.com\\\/de\\\/#\\\/schema\\\/logo\\\/image\\\/\"},\"sameAs\":[\"https:\\\/\\\/www.linkedin.com\\\/company\\\/soy-austria-gmbh\\\/\"]}]}<\/script>\n<!-- \/ Yoast SEO plugin. -->","yoast_head_json":{"title":"Datenschutzhinweis Kunden - Soy Austria\u00ae","robots":{"index":"index","follow":"follow","max-snippet":"max-snippet:-1","max-image-preview":"max-image-preview:large","max-video-preview":"max-video-preview:-1"},"canonical":"https:\/\/soyaustria.com\/de\/datenschutzhinweis-kunden\/","twitter_card":"summary_large_image","twitter_title":"Datenschutzhinweis Kunden - Soy Austria\u00ae","twitter_description":"Datenschutzhinweis f\u00fcr Kunden (Unsere Datenschutzerkl\u00e4rung f\u00fcr Website-Besucher finden Sie hier.) Die von Ihnen bereitgestellten Daten sind zur Vertragserf\u00fcllung erforderlich. Ohne diese Daten k\u00f6nnen wir den Vertrag mit Ihnen nicht abschlie\u00dfen und ausf\u00fchren. Zur Vertragserf\u00fcllung kann es notwendig sein, dass wir Ihre Daten an Empf\u00e4nger innerhalb und au\u00dferhalb der EU\/des EWR (z.B. Zustellunternehmen) weitergeben. Bei einer [&hellip;]","twitter_misc":{"Gesch\u00e4tzte Lesezeit":"2\u00a0Minuten"},"schema":{"@context":"https:\/\/schema.org","@graph":[{"@type":"WebPage","@id":"https:\/\/soyaustria.com\/de\/datenschutzhinweis-kunden\/","url":"https:\/\/soyaustria.com\/de\/datenschutzhinweis-kunden\/","name":"Datenschutzhinweis Kunden - Soy Austria\u00ae","isPartOf":{"@id":"https:\/\/soyaustria.com\/de\/#website"},"datePublished":"2018-08-16T11:42:00+00:00","dateModified":"2018-09-11T09:52:30+00:00","breadcrumb":{"@id":"https:\/\/soyaustria.com\/de\/datenschutzhinweis-kunden\/#breadcrumb"},"inLanguage":"de","potentialAction":[{"@type":"ReadAction","target":["https:\/\/soyaustria.com\/de\/datenschutzhinweis-kunden\/"]}]},{"@type":"BreadcrumbList","@id":"https:\/\/soyaustria.com\/de\/datenschutzhinweis-kunden\/#breadcrumb","itemListElement":[{"@type":"ListItem","position":1,"name":"Startseite","item":"https:\/\/soyaustria.com\/de\/"},{"@type":"ListItem","position":2,"name":"Datenschutzhinweis Kunden"}]},{"@type":"WebSite","@id":"https:\/\/soyaustria.com\/de\/#website","url":"https:\/\/soyaustria.com\/de\/","name":"Soy Austria\u00ae","description":"Natural Soylutions","publisher":{"@id":"https:\/\/soyaustria.com\/de\/#organization"},"potentialAction":[{"@type":"SearchAction","target":{"@type":"EntryPoint","urlTemplate":"https:\/\/soyaustria.com\/de\/?s={search_term_string}"},"query-input":{"@type":"PropertyValueSpecification","valueRequired":true,"valueName":"search_term_string"}}],"inLanguage":"de"},{"@type":"Organization","@id":"https:\/\/soyaustria.com\/de\/#organization","name":"Soy Austria GmbH","url":"https:\/\/soyaustria.com\/de\/","logo":{"@type":"ImageObject","inLanguage":"de","@id":"https:\/\/soyaustria.com\/de\/#\/schema\/logo\/image\/","url":"https:\/\/soyaustria.com\/wp-content\/uploads\/2018\/08\/apple_touch_icon.png","contentUrl":"https:\/\/soyaustria.com\/wp-content\/uploads\/2018\/08\/apple_touch_icon.png","width":"57","height":"57","caption":"Soy Austria GmbH"},"image":{"@id":"https:\/\/soyaustria.com\/de\/#\/schema\/logo\/image\/"},"sameAs":["https:\/\/www.linkedin.com\/company\/soy-austria-gmbh\/"]}]}},"_links":{"self":[{"href":"https:\/\/soyaustria.com\/de\/wp-json\/wp\/v2\/pages\/1659","targetHints":{"allow":["GET"]}}],"collection":[{"href":"https:\/\/soyaustria.com\/de\/wp-json\/wp\/v2\/pages"}],"about":[{"href":"https:\/\/soyaustria.com\/de\/wp-json\/wp\/v2\/types\/page"}],"author":[{"embeddable":true,"href":"https:\/\/soyaustria.com\/de\/wp-json\/wp\/v2\/users\/4"}],"replies":[{"embeddable":true,"href":"https:\/\/soyaustria.com\/de\/wp-json\/wp\/v2\/comments?post=1659"}],"version-history":[{"count":0,"href":"https:\/\/soyaustria.com\/de\/wp-json\/wp\/v2\/pages\/1659\/revisions"}],"wp:attachment":[{"href":"https:\/\/soyaustria.com\/de\/wp-json\/wp\/v2\/media?parent=1659"}],"curies":[{"name":"wp","href":"https:\/\/api.w.org\/{rel}","templated":true}]}}